{"id":11102,"date":"2022-07-21T16:10:08","date_gmt":"2022-07-21T16:10:08","guid":{"rendered":"https:\/\/www.finsdesiecles-artdeco.com\/product\/paire-de-lampes-de-table-par-clar-barcelone-1960\/"},"modified":"2022-07-21T16:23:01","modified_gmt":"2022-07-21T16:23:01","slug":"pareja-de-lamparas-de-mesa-clar-barcelona-1960","status":"publish","type":"product","link":"https:\/\/www.finsdesiecles-artdeco.com\/es\/product\/pareja-de-lamparas-de-mesa-clar-barcelona-1960\/","title":{"rendered":"Pareja de l\u00e1mparas de mesa Clar &#8211; Barcelona 1960"},"content":{"rendered":"<p>Pareja de l\u00e1mparas de mesa Clar &#8211; Barcelona, 1960<\/p>\n<p><strong>Dimensiones<\/strong><\/p>\n<p><strong>cm<\/strong>\u00a0Diam 45 x 94<br \/>\n<strong>inches<\/strong>\u00a0Diam 17.72 x 37.01<\/p>\n","protected":false},"excerpt":{"rendered":"<p>Pareja de grandes l\u00e1mparas de mesa, pie de caoba maciza barnizada a mu\u00f1eca y lat\u00f3n pulido, rematada por un fuste de acero lacado en marfil y sistema de fijaci\u00f3n de la pantalla, pantallas renovadas en tela negra con forro dorado. Electricidad y cableado nuevos.<\/p>\n<p>Marca: Clar<\/p>\n<p>Espa\u00f1a, Barcelona c. 1960<\/p>\n<p>&nbsp;<\/p>\n<p><strong>cm<\/strong>\u00a0Diam 45 x 94<br \/>\n<strong>inches<\/strong>\u00a0Diam 17.72 x 37.01<\/p>\n","protected":false},"featured_media":11076,"template":"","meta":{"_editorskit_title_hidden":false,"_editorskit_reading_time":0,"_editorskit_is_block_options_detached":false,"_editorskit_block_options_position":"{}","inline_featured_image":false},"product_brand":[],"product_cat":[334,265],"product_tag":[],"class_list":{"0":"post-11102","1":"product","2":"type-product","3":"status-publish","4":"has-post-thumbnail","6":"product_cat-lamparas-de-mesa","7":"product_cat-iluminacion","9":"first","10":"instock","11":"shipping-taxable","12":"purchasable","13":"product-type-simple"},"_links":{"self":[{"href":"https:\/\/www.finsdesiecles-artdeco.com\/es\/wp-json\/wp\/v2\/product\/11102","targetHints":{"allow":["GET"]}}],"collection":[{"href":"https:\/\/www.finsdesiecles-artdeco.com\/es\/wp-json\/wp\/v2\/product"}],"about":[{"href":"https:\/\/www.finsdesiecles-artdeco.com\/es\/wp-json\/wp\/v2\/types\/product"}],"wp:featuredmedia":[{"embeddable":true,"href":"https:\/\/www.finsdesiecles-artdeco.com\/es\/wp-json\/wp\/v2\/media\/11076"}],"wp:attachment":[{"href":"https:\/\/www.finsdesiecles-artdeco.com\/es\/wp-json\/wp\/v2\/media?parent=11102"}],"wp:term":[{"taxonomy":"product_brand","embeddable":true,"href":"https:\/\/www.finsdesiecles-artdeco.com\/es\/wp-json\/wp\/v2\/product_brand?post=11102"},{"taxonomy":"product_cat","embeddable":true,"href":"https:\/\/www.finsdesiecles-artdeco.com\/es\/wp-json\/wp\/v2\/product_cat?post=11102"},{"taxonomy":"product_tag","embeddable":true,"href":"https:\/\/www.finsdesiecles-artdeco.com\/es\/wp-json\/wp\/v2\/product_tag?post=11102"}],"curies":[{"name":"wp","href":"https:\/\/api.w.org\/{rel}","templated":true}]}}