{"id":12994,"date":"2022-08-04T09:29:11","date_gmt":"2022-08-04T09:29:11","guid":{"rendered":"https:\/\/www.finsdesiecles-artdeco.com\/product\/masque-visage\/"},"modified":"2022-09-09T14:52:23","modified_gmt":"2022-09-09T14:52:23","slug":"mascara","status":"publish","type":"product","link":"https:\/\/www.finsdesiecles-artdeco.com\/es\/product\/mascara\/","title":{"rendered":"M\u00e1scara Art D\u00e9co &#8211; Austria 1920"},"content":{"rendered":"<p>M\u00e1scara <em>art d\u00e9co<\/em> &#8211; Austria, 1920<\/p>\n<p>&nbsp;<\/p>\n<p><strong>Dimensiones<\/strong><\/p>\n<p><strong>cm<\/strong>\u00a015 x 17 x 27<br \/>\n<strong>inches<\/strong>\u00a05.91 x 6.69 x 10.63<\/p>\n","protected":false},"excerpt":{"rendered":"<p>M\u00e1scara rostro de mujer <em>art dec\u00f3<\/em> en cer\u00e1mica esmaltada con soporte de madera y base de m\u00e1rmol.<\/p>\n<p>Producci\u00f3n Keramos<\/p>\n<p>Firmada \u00abPodany\u00bb (Rudolf Podany)<\/p>\n<p>Austria c. 1920<\/p>\n<p>&nbsp;<\/p>\n<p><strong>cm<\/strong>\u00a015 x 17 x 27<br \/>\n<strong>inches<\/strong>\u00a05.91 x 6.69 x 10.63<\/p>\n","protected":false},"featured_media":12726,"template":"","meta":{"_editorskit_title_hidden":false,"_editorskit_reading_time":0,"_editorskit_is_block_options_detached":false,"_editorskit_block_options_position":"{}","inline_featured_image":false},"product_brand":[],"product_cat":[268,463],"product_tag":[594],"class_list":{"0":"post-12994","1":"product","2":"type-product","3":"status-publish","4":"has-post-thumbnail","6":"product_cat-objetos-y-adornos","7":"product_cat-ceramicas","8":"product_tag-face-mask-es","10":"first","11":"instock","12":"shipping-taxable","13":"purchasable","14":"product-type-simple"},"_links":{"self":[{"href":"https:\/\/www.finsdesiecles-artdeco.com\/es\/wp-json\/wp\/v2\/product\/12994","targetHints":{"allow":["GET"]}}],"collection":[{"href":"https:\/\/www.finsdesiecles-artdeco.com\/es\/wp-json\/wp\/v2\/product"}],"about":[{"href":"https:\/\/www.finsdesiecles-artdeco.com\/es\/wp-json\/wp\/v2\/types\/product"}],"wp:featuredmedia":[{"embeddable":true,"href":"https:\/\/www.finsdesiecles-artdeco.com\/es\/wp-json\/wp\/v2\/media\/12726"}],"wp:attachment":[{"href":"https:\/\/www.finsdesiecles-artdeco.com\/es\/wp-json\/wp\/v2\/media?parent=12994"}],"wp:term":[{"taxonomy":"product_brand","embeddable":true,"href":"https:\/\/www.finsdesiecles-artdeco.com\/es\/wp-json\/wp\/v2\/product_brand?post=12994"},{"taxonomy":"product_cat","embeddable":true,"href":"https:\/\/www.finsdesiecles-artdeco.com\/es\/wp-json\/wp\/v2\/product_cat?post=12994"},{"taxonomy":"product_tag","embeddable":true,"href":"https:\/\/www.finsdesiecles-artdeco.com\/es\/wp-json\/wp\/v2\/product_tag?post=12994"}],"curies":[{"name":"wp","href":"https:\/\/api.w.org\/{rel}","templated":true}]}}