{"id":13055,"date":"2022-08-05T10:55:11","date_gmt":"2022-08-05T10:55:11","guid":{"rendered":"https:\/\/www.finsdesiecles-artdeco.com\/product\/enfilade\/"},"modified":"2022-08-05T11:04:48","modified_gmt":"2022-08-05T11:04:48","slug":"aparador","status":"publish","type":"product","link":"https:\/\/www.finsdesiecles-artdeco.com\/es\/product\/aparador\/","title":{"rendered":"Aparador Art Dec\u00f3 &#8211; Italia 1930"},"content":{"rendered":"<p>Aparador <em>art dec\u00f3<\/em> &#8211; Italia, 1930<\/p>\n<p>&nbsp;<\/p>\n<p><strong>Dimensiones<\/strong><\/p>\n<p><strong>cm<\/strong>\u00a0202 x 41 x 86<br \/>\n<strong>inches<\/strong>\u00a079.53 x 16.14 x 33.86<\/p>\n<p>&nbsp;<\/p>\n","protected":false},"excerpt":{"rendered":"<p>Aparador <em>art dec\u00f3 <\/em>de madera maciza chapada en arce moteado, palisandro macizo y chapado de palisandro (interior y exterior). Base t\u00edpica Art Dec\u00f3 y sobre ella una decoraci\u00f3n imitando bamb\u00fa en palisandro macizo, todo barnizado a mu\u00f1eca. Puertas decoradas con espejos grabados y tiradores de lat\u00f3n pulido macizo.<\/p>\n<p>Italia c. 1930<\/p>\n<p>&nbsp;<\/p>\n<p><strong>cm<\/strong>\u00a0202 x 41 x 86<br \/>\n<strong>inches<\/strong>\u00a079.53 x 16.14 x 33.86<\/p>\n","protected":false},"featured_media":12099,"template":"","meta":{"_editorskit_title_hidden":false,"_editorskit_reading_time":0,"_editorskit_is_block_options_detached":false,"_editorskit_block_options_position":"{}","inline_featured_image":false},"product_brand":[],"product_cat":[412,274],"product_tag":[623],"class_list":{"0":"post-13055","1":"product","2":"type-product","3":"status-publish","4":"has-post-thumbnail","6":"product_cat-almacenaje","7":"product_cat-aparadores","8":"product_tag-sideboard-es","10":"first","11":"instock","12":"shipping-taxable","13":"purchasable","14":"product-type-simple"},"_links":{"self":[{"href":"https:\/\/www.finsdesiecles-artdeco.com\/es\/wp-json\/wp\/v2\/product\/13055","targetHints":{"allow":["GET"]}}],"collection":[{"href":"https:\/\/www.finsdesiecles-artdeco.com\/es\/wp-json\/wp\/v2\/product"}],"about":[{"href":"https:\/\/www.finsdesiecles-artdeco.com\/es\/wp-json\/wp\/v2\/types\/product"}],"wp:featuredmedia":[{"embeddable":true,"href":"https:\/\/www.finsdesiecles-artdeco.com\/es\/wp-json\/wp\/v2\/media\/12099"}],"wp:attachment":[{"href":"https:\/\/www.finsdesiecles-artdeco.com\/es\/wp-json\/wp\/v2\/media?parent=13055"}],"wp:term":[{"taxonomy":"product_brand","embeddable":true,"href":"https:\/\/www.finsdesiecles-artdeco.com\/es\/wp-json\/wp\/v2\/product_brand?post=13055"},{"taxonomy":"product_cat","embeddable":true,"href":"https:\/\/www.finsdesiecles-artdeco.com\/es\/wp-json\/wp\/v2\/product_cat?post=13055"},{"taxonomy":"product_tag","embeddable":true,"href":"https:\/\/www.finsdesiecles-artdeco.com\/es\/wp-json\/wp\/v2\/product_tag?post=13055"}],"curies":[{"name":"wp","href":"https:\/\/api.w.org\/{rel}","templated":true}]}}