{"id":13120,"date":"2022-08-08T09:49:31","date_gmt":"2022-08-08T09:49:31","guid":{"rendered":"https:\/\/www.finsdesiecles-artdeco.com\/product\/pair-of-grilles\/"},"modified":"2022-09-09T14:48:27","modified_gmt":"2022-09-09T14:48:27","slug":"pareja-de-rejas","status":"publish","type":"product","link":"https:\/\/www.finsdesiecles-artdeco.com\/es\/product\/pareja-de-rejas\/","title":{"rendered":"Pareja de rejas neocl\u00e1sicas &#8211; Francia 1940"},"content":{"rendered":"<p>Pareja de rejas de separaci\u00f3n de vivienda de estilo neocl\u00e1sico, de hierro forjado con p\u00e1tina de pan de oro envejecido, con puntos de fijaci\u00f3n en el montante m\u00e1s alto. Doble cara. Muy buena calidad.<\/p>\n<p>Francia c. 1940.<\/p>\n<p>&nbsp;<\/p>\n<p><strong>Dimensiones <\/strong>(cada una)<\/p>\n<p><strong>cm:<\/strong> 105 x 1,5 x 142,5 &#8211; 200<\/p>\n<p><strong>inches:<\/strong> 41.33 x 0.6 x\u00a0 56.1 &#8211; 78.74<\/p>\n","protected":false},"excerpt":{"rendered":"<p>Pareja de rejas de separaci\u00f3n de vivienda de estilo neocl\u00e1sico, de hierro forjado con p\u00e1tina de pan de oro envejecido, con puntos de fijaci\u00f3n en el montante m\u00e1s alto. Doble cara.<\/p>\n<p>Muy buena calidad.<\/p>\n<p>Francia c. 1940.<\/p>\n<p>&nbsp;<\/p>\n<p><strong>Dimensiones <\/strong>(cada una)<\/p>\n<p><strong>cm:<\/strong> 105 x 1,5 x 142,5 &#8211; 200<\/p>\n<p><strong>inches:<\/strong> 41.33 x 0.6 x\u00a0 56.1 &#8211; 78.74<\/p>\n","protected":false},"featured_media":13087,"template":"","meta":{"_editorskit_title_hidden":false,"_editorskit_reading_time":0,"_editorskit_is_block_options_detached":false,"_editorskit_block_options_position":"{}","inline_featured_image":false},"product_brand":[],"product_cat":[685],"product_tag":[628],"class_list":{"0":"post-13120","1":"product","2":"type-product","3":"status-publish","4":"has-post-thumbnail","6":"product_cat-variados","7":"product_tag-grilles-es","9":"first","10":"instock","11":"shipping-taxable","12":"purchasable","13":"product-type-simple"},"_links":{"self":[{"href":"https:\/\/www.finsdesiecles-artdeco.com\/es\/wp-json\/wp\/v2\/product\/13120","targetHints":{"allow":["GET"]}}],"collection":[{"href":"https:\/\/www.finsdesiecles-artdeco.com\/es\/wp-json\/wp\/v2\/product"}],"about":[{"href":"https:\/\/www.finsdesiecles-artdeco.com\/es\/wp-json\/wp\/v2\/types\/product"}],"wp:featuredmedia":[{"embeddable":true,"href":"https:\/\/www.finsdesiecles-artdeco.com\/es\/wp-json\/wp\/v2\/media\/13087"}],"wp:attachment":[{"href":"https:\/\/www.finsdesiecles-artdeco.com\/es\/wp-json\/wp\/v2\/media?parent=13120"}],"wp:term":[{"taxonomy":"product_brand","embeddable":true,"href":"https:\/\/www.finsdesiecles-artdeco.com\/es\/wp-json\/wp\/v2\/product_brand?post=13120"},{"taxonomy":"product_cat","embeddable":true,"href":"https:\/\/www.finsdesiecles-artdeco.com\/es\/wp-json\/wp\/v2\/product_cat?post=13120"},{"taxonomy":"product_tag","embeddable":true,"href":"https:\/\/www.finsdesiecles-artdeco.com\/es\/wp-json\/wp\/v2\/product_tag?post=13120"}],"curies":[{"name":"wp","href":"https:\/\/api.w.org\/{rel}","templated":true}]}}