{"id":13341,"date":"2022-08-16T14:10:48","date_gmt":"2022-08-16T14:10:48","guid":{"rendered":"https:\/\/www.finsdesiecles-artdeco.com\/product\/lampe-de-table-2\/"},"modified":"2022-09-09T10:01:09","modified_gmt":"2022-09-09T10:01:09","slug":"lampara-de-mesa-2","status":"publish","type":"product","link":"https:\/\/www.finsdesiecles-artdeco.com\/es\/product\/lampara-de-mesa-2\/","title":{"rendered":"L\u00e1mpara de mesa Toro &#8211; Espa\u00f1a 1976"},"content":{"rendered":"<p>L\u00e1mpara de mesa Toro de Enrich Franch Miret para STOA<\/p>\n<p>Catalu\u00f1a, Espa\u00f1a 1976<\/p>\n<p>&nbsp;<\/p>\n<p><strong>Dimensiones<\/strong><\/p>\n<p>cm Diam 45 x 70<\/p>\n<p>inches Diam 17.71 x 27.56<\/p>\n","protected":false},"excerpt":{"rendered":"<p>Gran l\u00e1mpara esf\u00e9rica de mesa en acero lacado, metal cromado y plexigl\u00e1s con sistema de regulaci\u00f3n de altura deslizante. Tres puntos de luz.<\/p>\n<p>Modelo: Toro de Enric Franch Miret para STOA<\/p>\n<p>Catalu\u00f1a, Espa\u00f1a 1976.<\/p>\n<p>&nbsp;<\/p>\n<p>cm Diam 45 x 70<\/p>\n<p>inches Diam 17.71 x 27.56<\/p>\n","protected":false},"featured_media":13315,"template":"","meta":{"_editorskit_title_hidden":false,"_editorskit_reading_time":0,"_editorskit_is_block_options_detached":false,"_editorskit_block_options_position":"{}","inline_featured_image":false},"product_brand":[],"product_cat":[334,265],"product_tag":[526],"class_list":{"0":"post-13341","1":"product","2":"type-product","3":"status-publish","4":"has-post-thumbnail","6":"product_cat-lamparas-de-mesa","7":"product_cat-iluminacion","8":"product_tag-table-lamp-es","10":"first","11":"outofstock","12":"shipping-taxable","13":"product-type-simple"},"_links":{"self":[{"href":"https:\/\/www.finsdesiecles-artdeco.com\/es\/wp-json\/wp\/v2\/product\/13341","targetHints":{"allow":["GET"]}}],"collection":[{"href":"https:\/\/www.finsdesiecles-artdeco.com\/es\/wp-json\/wp\/v2\/product"}],"about":[{"href":"https:\/\/www.finsdesiecles-artdeco.com\/es\/wp-json\/wp\/v2\/types\/product"}],"wp:featuredmedia":[{"embeddable":true,"href":"https:\/\/www.finsdesiecles-artdeco.com\/es\/wp-json\/wp\/v2\/media\/13315"}],"wp:attachment":[{"href":"https:\/\/www.finsdesiecles-artdeco.com\/es\/wp-json\/wp\/v2\/media?parent=13341"}],"wp:term":[{"taxonomy":"product_brand","embeddable":true,"href":"https:\/\/www.finsdesiecles-artdeco.com\/es\/wp-json\/wp\/v2\/product_brand?post=13341"},{"taxonomy":"product_cat","embeddable":true,"href":"https:\/\/www.finsdesiecles-artdeco.com\/es\/wp-json\/wp\/v2\/product_cat?post=13341"},{"taxonomy":"product_tag","embeddable":true,"href":"https:\/\/www.finsdesiecles-artdeco.com\/es\/wp-json\/wp\/v2\/product_tag?post=13341"}],"curies":[{"name":"wp","href":"https:\/\/api.w.org\/{rel}","templated":true}]}}