{"id":13387,"date":"2022-08-17T09:51:25","date_gmt":"2022-08-17T09:51:25","guid":{"rendered":"https:\/\/www.finsdesiecles-artdeco.com\/product\/enfilade-4\/"},"modified":"2024-10-15T13:11:06","modified_gmt":"2024-10-15T13:11:06","slug":"aparador-de-cuatro-puertas-italia-1940-2","status":"publish","type":"product","link":"https:\/\/www.finsdesiecles-artdeco.com\/es\/product\/aparador-de-cuatro-puertas-italia-1940-2\/","title":{"rendered":"Aparador de cuatro puertas \u2013 Italia 1940"},"content":{"rendered":"<p><strong>Paolo Buffa<\/strong>\u00a0(Mil\u00e1n, Italia, 1903-1970).<\/p>\n<p>Los muebles dise\u00f1ados por el arquitecto y dise\u00f1ador milan\u00e9s Paolo Buffa son a menudo \u00fanicos, basados en las necesidades de sus clientes y, por esta raz\u00f3n, siempre diferentes. Lo que une sus piezas, adem\u00e1s de la perfecci\u00f3n en su realizaci\u00f3n, es el estilo neocl\u00e1sico que Buffa absorbi\u00f3 durante su formaci\u00f3n en el estudio de Gio Ponti en los a\u00f1os 20: las l\u00edneas s\u00f3lidas y elegantes que Buffa aplica a sus muebles mantienen una suerte de continuidad entre el siglo XIX y el siglo XX y caracterizan toda su producci\u00f3n. El empleo de maderas preciosas, a menudo decoradas con finos surcos en las superficies y adornos de lat\u00f3n, es otra caracter\u00edstica de sus piezas. Su colaboraci\u00f3n m\u00e1s frecuente fue con la hist\u00f3rica f\u00e1brica de muebles milanesa Quarti, con la que dise\u00f1\u00f3 varios proyectos p\u00fablicos y privados para clientes de prestigio, como la decoraci\u00f3n del yate Mahroussa del rey Faruk de Egipto en 1951. En la d\u00e9cada de 1960, el dise\u00f1ador colabor\u00f3 con el fabricante italiano a gran escala Cassina.<\/p>\n","protected":false},"excerpt":{"rendered":"<p>Aparador de 4 puertas en chapa de roble ennegrecido sobre una base con ristrel, puertas centrales con molduras, interior te\u00f1ido de color nogal, llaves de lat\u00f3n niquelado. Acabado a la goma laca \u201cporo abierto\u201d.<\/p>\n<p>Atribuido a Paolo Buffa.<\/p>\n<p>Italia c. 1940<\/p>\n<p>&nbsp;<\/p>\n<p><strong>Dimensions<\/strong><\/p>\n<p>cm 200 x 50 x 98 inches 78.74 x 19.68 x 38.58<\/p>\n<p>&nbsp;<\/p>\n<p>&nbsp;<\/p>\n","protected":false},"featured_media":13351,"template":"","meta":{"_editorskit_title_hidden":false,"_editorskit_reading_time":0,"_editorskit_is_block_options_detached":false,"_editorskit_block_options_position":"{}","inline_featured_image":false},"product_brand":[],"product_cat":[412,274],"product_tag":[623],"class_list":{"0":"post-13387","1":"product","2":"type-product","3":"status-publish","4":"has-post-thumbnail","6":"product_cat-almacenaje","7":"product_cat-aparadores","8":"product_tag-sideboard-es","10":"first","11":"instock","12":"shipping-taxable","13":"purchasable","14":"product-type-simple"},"_links":{"self":[{"href":"https:\/\/www.finsdesiecles-artdeco.com\/es\/wp-json\/wp\/v2\/product\/13387","targetHints":{"allow":["GET"]}}],"collection":[{"href":"https:\/\/www.finsdesiecles-artdeco.com\/es\/wp-json\/wp\/v2\/product"}],"about":[{"href":"https:\/\/www.finsdesiecles-artdeco.com\/es\/wp-json\/wp\/v2\/types\/product"}],"wp:featuredmedia":[{"embeddable":true,"href":"https:\/\/www.finsdesiecles-artdeco.com\/es\/wp-json\/wp\/v2\/media\/13351"}],"wp:attachment":[{"href":"https:\/\/www.finsdesiecles-artdeco.com\/es\/wp-json\/wp\/v2\/media?parent=13387"}],"wp:term":[{"taxonomy":"product_brand","embeddable":true,"href":"https:\/\/www.finsdesiecles-artdeco.com\/es\/wp-json\/wp\/v2\/product_brand?post=13387"},{"taxonomy":"product_cat","embeddable":true,"href":"https:\/\/www.finsdesiecles-artdeco.com\/es\/wp-json\/wp\/v2\/product_cat?post=13387"},{"taxonomy":"product_tag","embeddable":true,"href":"https:\/\/www.finsdesiecles-artdeco.com\/es\/wp-json\/wp\/v2\/product_tag?post=13387"}],"curies":[{"name":"wp","href":"https:\/\/api.w.org\/{rel}","templated":true}]}}