{"id":13615,"date":"2020-05-25T12:07:26","date_gmt":"2020-05-25T12:07:26","guid":{"rendered":"https:\/\/www.finsdesiecles-artdeco.com\/product\/art-deco-blown-glass-vase-czechoslovakia-1930\/"},"modified":"2022-09-05T11:03:26","modified_gmt":"2022-09-05T11:03:26","slug":"jarron","status":"publish","type":"product","link":"https:\/\/www.finsdesiecles-artdeco.com\/es\/product\/jarron\/","title":{"rendered":"Jarr\u00f3n Art Dec\u00f3 en vidrio soplado &#8211; Checoslovaquia 1930"},"content":{"rendered":"<p>Jarr\u00f3n Art Dec\u00f3 en vidrio soplado &#8211; Checoslovaquia, 1930<\/p>\n<hr \/>\n<p><b>Dimensiones<\/b><\/p>\n<ul>\n<li><b>cm:<\/b> 18 x 9 x 16<\/li>\n<li><b>inches:<\/b> 7.09 x 3.54 x 6.3<\/li>\n<\/ul>\n","protected":false},"excerpt":{"rendered":"<p>Jarr\u00f3n <em>art deco<\/em> de vidrio soplado y grabado al \u00e1cido, decorado con un fauno tocando la flauta.<\/p>\n<p>Checoslovaquia c. 1930<\/p>\n<p><b>Dimensiones<\/b><\/p>\n<ul>\n<li><b>cm:<\/b> 18 x 9 x 16<\/li>\n<li><b>inches:<\/b> 7.09 x 3.54 x 6.3<\/li>\n<\/ul>\n","protected":false},"featured_media":13616,"template":"","meta":{"_editorskit_title_hidden":false,"_editorskit_reading_time":0,"_editorskit_is_block_options_detached":false,"_editorskit_block_options_position":"{}","inline_featured_image":false},"product_brand":[],"product_cat":[268,697],"product_tag":[],"class_list":{"0":"post-13615","1":"product","2":"type-product","3":"status-publish","4":"has-post-thumbnail","6":"product_cat-objetos-y-adornos","7":"product_cat-cristal-es","9":"first","10":"instock","11":"purchasable","12":"product-type-simple"},"_links":{"self":[{"href":"https:\/\/www.finsdesiecles-artdeco.com\/es\/wp-json\/wp\/v2\/product\/13615","targetHints":{"allow":["GET"]}}],"collection":[{"href":"https:\/\/www.finsdesiecles-artdeco.com\/es\/wp-json\/wp\/v2\/product"}],"about":[{"href":"https:\/\/www.finsdesiecles-artdeco.com\/es\/wp-json\/wp\/v2\/types\/product"}],"wp:featuredmedia":[{"embeddable":true,"href":"https:\/\/www.finsdesiecles-artdeco.com\/es\/wp-json\/wp\/v2\/media\/13616"}],"wp:attachment":[{"href":"https:\/\/www.finsdesiecles-artdeco.com\/es\/wp-json\/wp\/v2\/media?parent=13615"}],"wp:term":[{"taxonomy":"product_brand","embeddable":true,"href":"https:\/\/www.finsdesiecles-artdeco.com\/es\/wp-json\/wp\/v2\/product_brand?post=13615"},{"taxonomy":"product_cat","embeddable":true,"href":"https:\/\/www.finsdesiecles-artdeco.com\/es\/wp-json\/wp\/v2\/product_cat?post=13615"},{"taxonomy":"product_tag","embeddable":true,"href":"https:\/\/www.finsdesiecles-artdeco.com\/es\/wp-json\/wp\/v2\/product_tag?post=13615"}],"curies":[{"name":"wp","href":"https:\/\/api.w.org\/{rel}","templated":true}]}}