{"id":14209,"date":"2022-09-13T11:24:48","date_gmt":"2022-09-13T11:24:48","guid":{"rendered":"https:\/\/www.finsdesiecles-artdeco.com\/product\/enfilade-5\/"},"modified":"2022-09-28T10:50:32","modified_gmt":"2022-09-28T10:50:32","slug":"aparador-4","status":"publish","type":"product","link":"https:\/\/www.finsdesiecles-artdeco.com\/es\/product\/aparador-4\/","title":{"rendered":"Gran mueble aparador \u00a0&#8211; Italia 1930"},"content":{"rendered":"<p>Gran mueble aparador \u00a0&#8211; Italia 1930<\/p>\n<p>&nbsp;<\/p>\n<p><strong>Dimensiones\u00a0<\/strong><\/p>\n<p><strong>cm <\/strong>230 x 51-75 x 96-120<\/p>\n<p><strong>inches <\/strong>90,55 x 20.07-29.52 x 37.79-47.24<\/p>\n<p>&nbsp;<\/p>\n","protected":false},"excerpt":{"rendered":"<p>Gran mueble aparador de madera chapada en caoba jaspeada sobre base lacada en negro, tiradores de madera maciza lacada en negro, interior de cerezo, herrajes de lat\u00f3n y lat\u00f3n niquelado. Barnizado a mu\u00f1eca.<\/p>\n<p>Italia c. 1930.<\/p>\n<p>Segundo aparador a juego disponible.<\/p>\n<p><strong>Dimensiones\u00a0<\/strong><\/p>\n<p><strong>cm <\/strong>230 x 51-75 x 96-120<\/p>\n<p><strong>inches <\/strong>90,55 x 20.07-29.52 x 37.79-47.24<\/p>\n<p>&nbsp;<\/p>\n","protected":false},"featured_media":14177,"template":"","meta":{"_editorskit_title_hidden":false,"_editorskit_reading_time":0,"_editorskit_is_block_options_detached":false,"_editorskit_block_options_position":"{}","inline_featured_image":false},"product_brand":[],"product_cat":[412,274],"product_tag":[],"class_list":{"0":"post-14209","1":"product","2":"type-product","3":"status-publish","4":"has-post-thumbnail","6":"product_cat-almacenaje","7":"product_cat-aparadores","9":"first","10":"instock","11":"shipping-taxable","12":"purchasable","13":"product-type-simple"},"_links":{"self":[{"href":"https:\/\/www.finsdesiecles-artdeco.com\/es\/wp-json\/wp\/v2\/product\/14209","targetHints":{"allow":["GET"]}}],"collection":[{"href":"https:\/\/www.finsdesiecles-artdeco.com\/es\/wp-json\/wp\/v2\/product"}],"about":[{"href":"https:\/\/www.finsdesiecles-artdeco.com\/es\/wp-json\/wp\/v2\/types\/product"}],"wp:featuredmedia":[{"embeddable":true,"href":"https:\/\/www.finsdesiecles-artdeco.com\/es\/wp-json\/wp\/v2\/media\/14177"}],"wp:attachment":[{"href":"https:\/\/www.finsdesiecles-artdeco.com\/es\/wp-json\/wp\/v2\/media?parent=14209"}],"wp:term":[{"taxonomy":"product_brand","embeddable":true,"href":"https:\/\/www.finsdesiecles-artdeco.com\/es\/wp-json\/wp\/v2\/product_brand?post=14209"},{"taxonomy":"product_cat","embeddable":true,"href":"https:\/\/www.finsdesiecles-artdeco.com\/es\/wp-json\/wp\/v2\/product_cat?post=14209"},{"taxonomy":"product_tag","embeddable":true,"href":"https:\/\/www.finsdesiecles-artdeco.com\/es\/wp-json\/wp\/v2\/product_tag?post=14209"}],"curies":[{"name":"wp","href":"https:\/\/api.w.org\/{rel}","templated":true}]}}