{"id":14424,"date":"2022-09-26T09:36:57","date_gmt":"2022-09-26T09:36:57","guid":{"rendered":"https:\/\/www.finsdesiecles-artdeco.com\/product\/commode-3\/"},"modified":"2023-07-18T14:06:58","modified_gmt":"2023-07-18T14:06:58","slug":"comoda-3","status":"publish","type":"product","link":"https:\/\/www.finsdesiecles-artdeco.com\/es\/product\/comoda-3\/","title":{"rendered":"Falso \u00absemainier\u00bb con puertas &#8211; Francia 1920-25"},"content":{"rendered":"<p>Falso \u00absemainier\u00bb con dos puertas &#8211; Francia 1920-25<\/p>\n<p>&nbsp;<\/p>\n<p><strong>Dimensiones<\/strong><\/p>\n<p><strong>cm <\/strong>32 x 45 x 145<\/p>\n<p><strong>inches<\/strong> 13 x 17.71 x 57<\/p>\n<p>&nbsp;<\/p>\n","protected":false},"excerpt":{"rendered":"<p>Falso \u00absemainier\u00bb con dos puertas (en vez de cajones), \u00a0estructura de roble macizo chapado de palisandro de R\u00edo, montantes estriados y patas de caoba maciza. Interior de roble. Tiradores y herrajes de lat\u00f3n niquelado. Barnizado a la mu\u00f1eca. Gran calidad.<\/p>\n<p>Francia c.1920-25<\/p>\n<p><strong>Dimensiones<\/strong><\/p>\n<p><strong>cm <\/strong>32 x 45 x 145<\/p>\n<p><strong>inches<\/strong> 13 x 17.71 x 57<\/p>\n","protected":false},"featured_media":14382,"template":"","meta":{"_editorskit_title_hidden":false,"_editorskit_reading_time":0,"_editorskit_is_block_options_detached":false,"_editorskit_block_options_position":"{}","inline_featured_image":false},"product_brand":[],"product_cat":[412,307],"product_tag":[],"class_list":{"0":"post-14424","1":"product","2":"type-product","3":"status-publish","4":"has-post-thumbnail","6":"product_cat-almacenaje","7":"product_cat-comodas-almacenaje","9":"first","10":"instock","11":"shipping-taxable","12":"purchasable","13":"product-type-simple"},"_links":{"self":[{"href":"https:\/\/www.finsdesiecles-artdeco.com\/es\/wp-json\/wp\/v2\/product\/14424","targetHints":{"allow":["GET"]}}],"collection":[{"href":"https:\/\/www.finsdesiecles-artdeco.com\/es\/wp-json\/wp\/v2\/product"}],"about":[{"href":"https:\/\/www.finsdesiecles-artdeco.com\/es\/wp-json\/wp\/v2\/types\/product"}],"wp:featuredmedia":[{"embeddable":true,"href":"https:\/\/www.finsdesiecles-artdeco.com\/es\/wp-json\/wp\/v2\/media\/14382"}],"wp:attachment":[{"href":"https:\/\/www.finsdesiecles-artdeco.com\/es\/wp-json\/wp\/v2\/media?parent=14424"}],"wp:term":[{"taxonomy":"product_brand","embeddable":true,"href":"https:\/\/www.finsdesiecles-artdeco.com\/es\/wp-json\/wp\/v2\/product_brand?post=14424"},{"taxonomy":"product_cat","embeddable":true,"href":"https:\/\/www.finsdesiecles-artdeco.com\/es\/wp-json\/wp\/v2\/product_cat?post=14424"},{"taxonomy":"product_tag","embeddable":true,"href":"https:\/\/www.finsdesiecles-artdeco.com\/es\/wp-json\/wp\/v2\/product_tag?post=14424"}],"curies":[{"name":"wp","href":"https:\/\/api.w.org\/{rel}","templated":true}]}}