{"id":14589,"date":"2022-09-29T10:51:37","date_gmt":"2022-09-29T10:51:37","guid":{"rendered":"https:\/\/www.finsdesiecles-artdeco.com\/product\/enfilade-7\/"},"modified":"2022-09-29T11:08:48","modified_gmt":"2022-09-29T11:08:48","slug":"aparador-6","status":"publish","type":"product","link":"https:\/\/www.finsdesiecles-artdeco.com\/es\/product\/aparador-6\/","title":{"rendered":"Gran mueble aparador \u2013 Italia 1930"},"content":{"rendered":"<p>Gran mueble aparador \u2013 Italia 1930<\/p>\n<p>&nbsp;<\/p>\n<p><strong>Dimensiones<\/strong><\/p>\n<p><strong>cm<\/strong> 197 x 54 x 149<\/p>\n<p><strong>inches<\/strong> 77.5 x 21.25 x 58.6<\/p>\n","protected":false},"excerpt":{"rendered":"<p>Gran mueble aparador de madera chapada en caoba jaspeada sobre base lacada en negro, tiradores de madera maciza lacada en negro, interior de cerezo, herrajes de lat\u00f3n y lat\u00f3n niquelado. Barnizado a mu\u00f1eca.<\/p>\n<p>Italia c. 1930.<\/p>\n<p>Segundo aparador a juego disponible.<\/p>\n<p>&nbsp;<\/p>\n<p><strong>Dimensiones<\/strong><\/p>\n<p><strong>cm<\/strong> 197 x 54 x 149<\/p>\n<p><strong>inches<\/strong> 77.5 x 21.25 x 58.6<\/p>\n","protected":false},"featured_media":14558,"template":"","meta":{"_editorskit_title_hidden":false,"_editorskit_reading_time":0,"_editorskit_is_block_options_detached":false,"_editorskit_block_options_position":"{}","inline_featured_image":false},"product_brand":[],"product_cat":[412,274],"product_tag":[],"class_list":{"0":"post-14589","1":"product","2":"type-product","3":"status-publish","4":"has-post-thumbnail","6":"product_cat-almacenaje","7":"product_cat-aparadores","9":"first","10":"instock","11":"shipping-taxable","12":"purchasable","13":"product-type-simple"},"_links":{"self":[{"href":"https:\/\/www.finsdesiecles-artdeco.com\/es\/wp-json\/wp\/v2\/product\/14589","targetHints":{"allow":["GET"]}}],"collection":[{"href":"https:\/\/www.finsdesiecles-artdeco.com\/es\/wp-json\/wp\/v2\/product"}],"about":[{"href":"https:\/\/www.finsdesiecles-artdeco.com\/es\/wp-json\/wp\/v2\/types\/product"}],"wp:featuredmedia":[{"embeddable":true,"href":"https:\/\/www.finsdesiecles-artdeco.com\/es\/wp-json\/wp\/v2\/media\/14558"}],"wp:attachment":[{"href":"https:\/\/www.finsdesiecles-artdeco.com\/es\/wp-json\/wp\/v2\/media?parent=14589"}],"wp:term":[{"taxonomy":"product_brand","embeddable":true,"href":"https:\/\/www.finsdesiecles-artdeco.com\/es\/wp-json\/wp\/v2\/product_brand?post=14589"},{"taxonomy":"product_cat","embeddable":true,"href":"https:\/\/www.finsdesiecles-artdeco.com\/es\/wp-json\/wp\/v2\/product_cat?post=14589"},{"taxonomy":"product_tag","embeddable":true,"href":"https:\/\/www.finsdesiecles-artdeco.com\/es\/wp-json\/wp\/v2\/product_tag?post=14589"}],"curies":[{"name":"wp","href":"https:\/\/api.w.org\/{rel}","templated":true}]}}