{"id":14772,"date":"2022-10-17T09:51:23","date_gmt":"2022-10-17T09:51:23","guid":{"rendered":"https:\/\/www.finsdesiecles-artdeco.com\/product\/pair-of-thonet-side-tables-vienna-1904\/"},"modified":"2022-10-17T10:11:43","modified_gmt":"2022-10-17T10:11:43","slug":"pair-of-thonet-side-tables-vienna-1904","status":"publish","type":"product","link":"https:\/\/www.finsdesiecles-artdeco.com\/es\/product\/pair-of-thonet-side-tables-vienna-1904\/","title":{"rendered":"Pareja de mesas auxiliares Thonet &#8211; Viena 1904"},"content":{"rendered":"<p>Pareja de mesas auxiliares Thonet &#8211; Viena 1904<\/p>\n<p>&nbsp;<\/p>\n<p><strong>Dimensiones<\/strong><\/p>\n<p><strong>cm<\/strong> 55 x 55 x 70<\/p>\n<p><strong>inches <\/strong>21.65 x 21.65 x 27.55<\/p>\n","protected":false},"excerpt":{"rendered":"<p>Pareja de mesas auxiliares tr\u00edpodes y triangulares en haya maciza te\u00f1ida y barnizada a mu\u00f1eca, sobres de cristal grueso con motivos de flor de lis.<\/p>\n<p>Producci\u00f3n: Thonet, Viena, modelo 9104 de 1904.<\/p>\n<p>&nbsp;<\/p>\n<p><strong>Dimensiones<\/strong><\/p>\n<p><strong>cm<\/strong> 55 x 55 x 70<\/p>\n<p><strong>inches <\/strong>21.65 x 21.65 x 27.55<\/p>\n","protected":false},"featured_media":14746,"template":"","meta":{"_editorskit_title_hidden":false,"_editorskit_reading_time":0,"_editorskit_is_block_options_detached":false,"_editorskit_block_options_position":"{}","inline_featured_image":false},"product_brand":[],"product_cat":[258,259],"product_tag":[],"class_list":{"0":"post-14772","1":"product","2":"type-product","3":"status-publish","4":"has-post-thumbnail","6":"product_cat-mesas","7":"product_cat-auxiliares","9":"first","10":"instock","11":"shipping-taxable","12":"purchasable","13":"product-type-simple"},"_links":{"self":[{"href":"https:\/\/www.finsdesiecles-artdeco.com\/es\/wp-json\/wp\/v2\/product\/14772","targetHints":{"allow":["GET"]}}],"collection":[{"href":"https:\/\/www.finsdesiecles-artdeco.com\/es\/wp-json\/wp\/v2\/product"}],"about":[{"href":"https:\/\/www.finsdesiecles-artdeco.com\/es\/wp-json\/wp\/v2\/types\/product"}],"wp:featuredmedia":[{"embeddable":true,"href":"https:\/\/www.finsdesiecles-artdeco.com\/es\/wp-json\/wp\/v2\/media\/14746"}],"wp:attachment":[{"href":"https:\/\/www.finsdesiecles-artdeco.com\/es\/wp-json\/wp\/v2\/media?parent=14772"}],"wp:term":[{"taxonomy":"product_brand","embeddable":true,"href":"https:\/\/www.finsdesiecles-artdeco.com\/es\/wp-json\/wp\/v2\/product_brand?post=14772"},{"taxonomy":"product_cat","embeddable":true,"href":"https:\/\/www.finsdesiecles-artdeco.com\/es\/wp-json\/wp\/v2\/product_cat?post=14772"},{"taxonomy":"product_tag","embeddable":true,"href":"https:\/\/www.finsdesiecles-artdeco.com\/es\/wp-json\/wp\/v2\/product_tag?post=14772"}],"curies":[{"name":"wp","href":"https:\/\/api.w.org\/{rel}","templated":true}]}}