{"id":16441,"date":"2022-11-24T17:20:58","date_gmt":"2022-11-24T17:20:58","guid":{"rendered":"https:\/\/www.finsdesiecles-artdeco.com\/product\/tapis\/"},"modified":"2022-11-25T11:44:48","modified_gmt":"2022-11-25T11:44:48","slug":"alfombra","status":"publish","type":"product","link":"https:\/\/www.finsdesiecles-artdeco.com\/es\/product\/alfombra\/","title":{"rendered":"Alfombra de hojas de ma\u00edz &#8211; Espa\u00f1a 1970"},"content":{"rendered":"<p>Alfombra de hojas de ma\u00edz &#8211; Espa\u00f1a 1970<\/p>\n<p>&nbsp;<\/p>\n<p><strong>Dimensiones<\/strong><\/p>\n<p><strong>cm<\/strong>\u00a0 Diam 122<\/p>\n<p><strong>inches<\/strong>\u00a0 Diam 48.03<\/p>\n","protected":false},"excerpt":{"rendered":"<p>Alfombra de hojas de ma\u00edz natural hecha a mano, nueva de \u00e9poca, sin usar.<\/p>\n<p>Espa\u00f1a c.1970<\/p>\n<p>&nbsp;<\/p>\n<p><strong>Dimensiones<\/strong><\/p>\n<p><strong>cm<\/strong>\u00a0 Diam 122<\/p>\n<p><strong>inches<\/strong>\u00a0 Diam 48.03<\/p>\n<p>&nbsp;<\/p>\n","protected":false},"featured_media":16427,"template":"","meta":{"_editorskit_title_hidden":false,"_editorskit_reading_time":0,"_editorskit_is_block_options_detached":false,"_editorskit_block_options_position":"{}","inline_featured_image":false},"product_brand":[],"product_cat":[268,349],"product_tag":[],"class_list":{"0":"post-16441","1":"product","2":"type-product","3":"status-publish","4":"has-post-thumbnail","6":"product_cat-objetos-y-adornos","7":"product_cat-alfombras","9":"first","10":"instock","11":"shipping-taxable","12":"purchasable","13":"product-type-simple"},"_links":{"self":[{"href":"https:\/\/www.finsdesiecles-artdeco.com\/es\/wp-json\/wp\/v2\/product\/16441","targetHints":{"allow":["GET"]}}],"collection":[{"href":"https:\/\/www.finsdesiecles-artdeco.com\/es\/wp-json\/wp\/v2\/product"}],"about":[{"href":"https:\/\/www.finsdesiecles-artdeco.com\/es\/wp-json\/wp\/v2\/types\/product"}],"wp:featuredmedia":[{"embeddable":true,"href":"https:\/\/www.finsdesiecles-artdeco.com\/es\/wp-json\/wp\/v2\/media\/16427"}],"wp:attachment":[{"href":"https:\/\/www.finsdesiecles-artdeco.com\/es\/wp-json\/wp\/v2\/media?parent=16441"}],"wp:term":[{"taxonomy":"product_brand","embeddable":true,"href":"https:\/\/www.finsdesiecles-artdeco.com\/es\/wp-json\/wp\/v2\/product_brand?post=16441"},{"taxonomy":"product_cat","embeddable":true,"href":"https:\/\/www.finsdesiecles-artdeco.com\/es\/wp-json\/wp\/v2\/product_cat?post=16441"},{"taxonomy":"product_tag","embeddable":true,"href":"https:\/\/www.finsdesiecles-artdeco.com\/es\/wp-json\/wp\/v2\/product_tag?post=16441"}],"curies":[{"name":"wp","href":"https:\/\/api.w.org\/{rel}","templated":true}]}}