{"id":18093,"date":"2023-01-14T10:40:19","date_gmt":"2023-01-14T10:40:19","guid":{"rendered":"https:\/\/www.finsdesiecles-artdeco.com\/product\/porte-revues-2\/"},"modified":"2023-02-11T11:07:32","modified_gmt":"2023-02-11T11:07:32","slug":"revistero","status":"publish","type":"product","link":"https:\/\/www.finsdesiecles-artdeco.com\/es\/product\/revistero\/","title":{"rendered":"Revistero plegable de Cesare Lacca &#8211; Italia 1950"},"content":{"rendered":"<p><strong>Cesare Lacca<\/strong> (N\u00e1poles, Italia, 1929 &#8211; \u00a0)<\/p>\n<p>Arquitecto y dise\u00f1ador italiano. Nacido en N\u00e1poles, Lacca se mud\u00f3 a Mil\u00e1n despu\u00e9s de la Segunda Guerra Mundial. Antes de cumplir los 21 a\u00f1os, su trabajo fue seleccionado por un grupo de curadores estadounidenses y fue incluido en la hist\u00f3rica exposici\u00f3n <em>Italy at Work: Her Renaissance in Design Today<\/em>, la primera gran exposici\u00f3n de dise\u00f1o italiano fuera de Italia. La exposici\u00f3n recorri\u00f3 12 museos estadounidenses entre 1950 y 1953 y dio a conocer a los mejores y m\u00e1s brillantes dise\u00f1adores italianos, como Carlo Mollino, Franco Albini y Gio Ponti. Lacca dise\u00f1\u00f3 muchos carritos de t\u00e9 y de servicio en su carrera, as\u00ed como revisteros y mesas de caf\u00e9. Tambi\u00e9n dise\u00f1\u00f3 sillones de respaldo alto y l\u00e1mparas. Estas, sin embargo, son dif\u00edciles de encontrar. Casi todos sus dise\u00f1os fueron creados durante la d\u00e9cada de 1950. Lamentablemente no sabemos qu\u00e9 fue de su carrera a partir de la d\u00e9cada de 1960. Hoy en d\u00eda, Cesare Lacca es apreciado por su contribuci\u00f3n a la identidad del dise\u00f1o italiano, sus elegantes dise\u00f1os en lat\u00f3n y sus carritos de servicio atemporales y muy buscados.<\/p>\n<p>&nbsp;<\/p>\n","protected":false},"excerpt":{"rendered":"<p>Revistero plegable en madera tintada y barnizada.<\/p>\n<p>Dise\u00f1o: Cesare Lacca.<\/p>\n<p>Fabricante: FADA<\/p>\n<p>Italia c. 1950<\/p>\n<p>&nbsp;<\/p>\n<p><strong>Dimensiones<\/strong><\/p>\n<p><strong>cm<\/strong>\u00a050 x 30 x 52<br \/>\n<strong>inches<\/strong>\u00a019.69 x 11.81 x 20.47<\/p>\n","protected":false},"featured_media":18067,"template":"","meta":{"_editorskit_title_hidden":false,"_editorskit_reading_time":0,"_editorskit_is_block_options_detached":false,"_editorskit_block_options_position":"{}","inline_featured_image":false},"product_brand":[],"product_cat":[685],"product_tag":[],"class_list":{"0":"post-18093","1":"product","2":"type-product","3":"status-publish","4":"has-post-thumbnail","6":"product_cat-variados","8":"first","9":"instock","10":"shipping-taxable","11":"purchasable","12":"product-type-simple"},"_links":{"self":[{"href":"https:\/\/www.finsdesiecles-artdeco.com\/es\/wp-json\/wp\/v2\/product\/18093","targetHints":{"allow":["GET"]}}],"collection":[{"href":"https:\/\/www.finsdesiecles-artdeco.com\/es\/wp-json\/wp\/v2\/product"}],"about":[{"href":"https:\/\/www.finsdesiecles-artdeco.com\/es\/wp-json\/wp\/v2\/types\/product"}],"wp:featuredmedia":[{"embeddable":true,"href":"https:\/\/www.finsdesiecles-artdeco.com\/es\/wp-json\/wp\/v2\/media\/18067"}],"wp:attachment":[{"href":"https:\/\/www.finsdesiecles-artdeco.com\/es\/wp-json\/wp\/v2\/media?parent=18093"}],"wp:term":[{"taxonomy":"product_brand","embeddable":true,"href":"https:\/\/www.finsdesiecles-artdeco.com\/es\/wp-json\/wp\/v2\/product_brand?post=18093"},{"taxonomy":"product_cat","embeddable":true,"href":"https:\/\/www.finsdesiecles-artdeco.com\/es\/wp-json\/wp\/v2\/product_cat?post=18093"},{"taxonomy":"product_tag","embeddable":true,"href":"https:\/\/www.finsdesiecles-artdeco.com\/es\/wp-json\/wp\/v2\/product_tag?post=18093"}],"curies":[{"name":"wp","href":"https:\/\/api.w.org\/{rel}","templated":true}]}}