{"id":18901,"date":"2023-02-02T11:17:04","date_gmt":"2023-02-02T11:17:04","guid":{"rendered":"https:\/\/www.finsdesiecles-artdeco.com\/product\/lampe-de-table-5\/"},"modified":"2023-06-01T15:34:56","modified_gmt":"2023-06-01T15:34:56","slug":"lampara-de-mesa-5","status":"publish","type":"product","link":"https:\/\/www.finsdesiecles-artdeco.com\/es\/product\/lampara-de-mesa-5\/","title":{"rendered":"Peque\u00f1a l\u00e1mpara de mesa de Stilux Milano- Italia 1950"},"content":{"rendered":"<p>Peque\u00f1a l\u00e1mpara de mesa de Stilux Milano- Italia 1950<\/p>\n<p>&nbsp;<\/p>\n<p><strong>Dimensiones<\/strong><\/p>\n<p><strong>cm<\/strong> Diam 23 x 34<\/p>\n<p><strong>inches<\/strong> Diam 9.05 x 13.38<\/p>\n","protected":false},"excerpt":{"rendered":"<p>Peque\u00f1a l\u00e1mpara de mesa: base de palisandro macizo y acero lacado de color burdeos, pie y pantalla de aluminio lacado, pantalla orientable. Detalles en lat\u00f3n pulido. Dos bombillas.<\/p>\n<p>Fabricante: Stilux Milano.<\/p>\n<p>Italia c.1950<\/p>\n<p><strong>Dimensiones<\/strong><\/p>\n<p><strong>cm<\/strong> Diam 23 x 34<\/p>\n<p><strong>inches<\/strong> Diam 9.05 x 13.38<\/p>\n","protected":false},"featured_media":18871,"template":"","meta":{"_editorskit_title_hidden":false,"_editorskit_reading_time":0,"_editorskit_is_block_options_detached":false,"_editorskit_block_options_position":"{}","inline_featured_image":false},"product_brand":[],"product_cat":[265,334],"product_tag":[],"class_list":{"0":"post-18901","1":"product","2":"type-product","3":"status-publish","4":"has-post-thumbnail","6":"product_cat-iluminacion","7":"product_cat-lamparas-de-mesa","9":"first","10":"instock","11":"shipping-taxable","12":"purchasable","13":"product-type-simple"},"_links":{"self":[{"href":"https:\/\/www.finsdesiecles-artdeco.com\/es\/wp-json\/wp\/v2\/product\/18901","targetHints":{"allow":["GET"]}}],"collection":[{"href":"https:\/\/www.finsdesiecles-artdeco.com\/es\/wp-json\/wp\/v2\/product"}],"about":[{"href":"https:\/\/www.finsdesiecles-artdeco.com\/es\/wp-json\/wp\/v2\/types\/product"}],"wp:featuredmedia":[{"embeddable":true,"href":"https:\/\/www.finsdesiecles-artdeco.com\/es\/wp-json\/wp\/v2\/media\/18871"}],"wp:attachment":[{"href":"https:\/\/www.finsdesiecles-artdeco.com\/es\/wp-json\/wp\/v2\/media?parent=18901"}],"wp:term":[{"taxonomy":"product_brand","embeddable":true,"href":"https:\/\/www.finsdesiecles-artdeco.com\/es\/wp-json\/wp\/v2\/product_brand?post=18901"},{"taxonomy":"product_cat","embeddable":true,"href":"https:\/\/www.finsdesiecles-artdeco.com\/es\/wp-json\/wp\/v2\/product_cat?post=18901"},{"taxonomy":"product_tag","embeddable":true,"href":"https:\/\/www.finsdesiecles-artdeco.com\/es\/wp-json\/wp\/v2\/product_tag?post=18901"}],"curies":[{"name":"wp","href":"https:\/\/api.w.org\/{rel}","templated":true}]}}