{"id":18948,"date":"2023-02-02T11:58:28","date_gmt":"2023-02-02T11:58:28","guid":{"rendered":"https:\/\/www.finsdesiecles-artdeco.com\/product\/sculpture-2\/"},"modified":"2023-02-03T10:48:21","modified_gmt":"2023-02-03T10:48:21","slug":"escultura-2","status":"publish","type":"product","link":"https:\/\/www.finsdesiecles-artdeco.com\/es\/product\/escultura-2\/","title":{"rendered":"Escultura Art Dec\u00f3 &#8211; Espa\u00f1a 1932"},"content":{"rendered":"<p>Escultura <em>art dec\u00f3<\/em> &#8211; Espa\u00f1a 1932<\/p>\n<p>&nbsp;<\/p>\n<p><strong>Dimensiones<\/strong><\/p>\n<p><strong>cm<\/strong> 20 x 15 x 57<\/p>\n<p><strong>inches<\/strong> 7.87 x 5.9 x 22.44<\/p>\n<p>&nbsp;<\/p>\n<p>&nbsp;<\/p>\n","protected":false},"excerpt":{"rendered":"<p>Escultura <em>art dec\u00f3<\/em> en terracota de una joven desnuda posando.<\/p>\n<p>Firmada y fechada: Joan Cardell\u00e0, 1932.<\/p>\n<p>Espa\u00f1a.<\/p>\n<p>&nbsp;<\/p>\n<p>Joan Cardella Crusells\u00a0 (Valencia, Espa\u00f1a, 1900 &#8211; 1985).<\/p>\n<p><strong>Dimensiones<\/strong><\/p>\n<p><strong>cm<\/strong> 20 x 15 x 57<\/p>\n<p><strong>inches<\/strong> 7.87 x 5.9 x 22.44<\/p>\n<p>&nbsp;<\/p>\n","protected":false},"featured_media":18907,"template":"","meta":{"_editorskit_title_hidden":false,"_editorskit_reading_time":0,"_editorskit_is_block_options_detached":false,"_editorskit_block_options_position":"{}","inline_featured_image":false},"product_brand":[],"product_cat":[268,463],"product_tag":[],"class_list":{"0":"post-18948","1":"product","2":"type-product","3":"status-publish","4":"has-post-thumbnail","6":"product_cat-objetos-y-adornos","7":"product_cat-ceramicas","9":"first","10":"instock","11":"shipping-taxable","12":"purchasable","13":"product-type-simple"},"_links":{"self":[{"href":"https:\/\/www.finsdesiecles-artdeco.com\/es\/wp-json\/wp\/v2\/product\/18948","targetHints":{"allow":["GET"]}}],"collection":[{"href":"https:\/\/www.finsdesiecles-artdeco.com\/es\/wp-json\/wp\/v2\/product"}],"about":[{"href":"https:\/\/www.finsdesiecles-artdeco.com\/es\/wp-json\/wp\/v2\/types\/product"}],"wp:featuredmedia":[{"embeddable":true,"href":"https:\/\/www.finsdesiecles-artdeco.com\/es\/wp-json\/wp\/v2\/media\/18907"}],"wp:attachment":[{"href":"https:\/\/www.finsdesiecles-artdeco.com\/es\/wp-json\/wp\/v2\/media?parent=18948"}],"wp:term":[{"taxonomy":"product_brand","embeddable":true,"href":"https:\/\/www.finsdesiecles-artdeco.com\/es\/wp-json\/wp\/v2\/product_brand?post=18948"},{"taxonomy":"product_cat","embeddable":true,"href":"https:\/\/www.finsdesiecles-artdeco.com\/es\/wp-json\/wp\/v2\/product_cat?post=18948"},{"taxonomy":"product_tag","embeddable":true,"href":"https:\/\/www.finsdesiecles-artdeco.com\/es\/wp-json\/wp\/v2\/product_tag?post=18948"}],"curies":[{"name":"wp","href":"https:\/\/api.w.org\/{rel}","templated":true}]}}