{"id":19621,"date":"2023-02-18T10:36:35","date_gmt":"2023-02-18T10:36:35","guid":{"rendered":"https:\/\/www.finsdesiecles-artdeco.com\/product\/console-miroir-2\/"},"modified":"2023-06-16T15:08:26","modified_gmt":"2023-06-16T15:08:26","slug":"espejo-consola-2","status":"publish","type":"product","link":"https:\/\/www.finsdesiecles-artdeco.com\/es\/product\/espejo-consola-2\/","title":{"rendered":"Gran espejo consola de Pier Luigi Colli \u2013  Italia 1940"},"content":{"rendered":"<p><strong>Pier Luigi Colli<\/strong>\u00a0(Tur\u00edn, Italia, 1895-1968)<\/p>\n<p>Artista y dise\u00f1ador italiano. Estudi\u00f3 en la \u00c9cole des Arts D\u00e9coratifs de Par\u00eds y regres\u00f3 a Italia en la d\u00e9cada de 1920 para dirigir el negocio de muebles de su familia en Tur\u00edn, fundado en 1850 y famoso por sus alfombras, telas y l\u00e1mparas. Sus dise\u00f1os jugaron un papel importante en el desarrollo del movimiento Modernista de principios del siglo XX. La mayor\u00eda de las piezas de Pier Luigi representan el estilo Art Deco parisino. A menudo combinaba materiales como el hierro, el lat\u00f3n, el vidrio y la madera. La empresa Colli tambi\u00e9n trabaj\u00f3 con arquitectos y dise\u00f1adores, como Gio Ponti y Carlo Mollino, en proyectos de decoraci\u00f3n como el vest\u00edbulo de la Universidad de Tur\u00edn y la sucursal de Tur\u00edn del Banco de Italia. Cuando Pier Luigi muri\u00f3 en 1968, su hija Claudia le sucedi\u00f3 hasta que la empresa cerr\u00f3 en la d\u00e9cada de 1980, lo que hizo que desde entonces sus muebles est\u00e9n muy buscados.<\/p>\n","protected":false},"excerpt":{"rendered":"<p>Gran espejo consola en hierro forjado dorado, espejo parcialmente grabado y dorado.<\/p>\n<p>Dise\u00f1o: Pierre Luigi Colli<\/p>\n<p>Italia c. 1940<\/p>\n<p>&nbsp;<\/p>\n<p><b>Dimensiones<\/b><\/p>\n<p><b>cm:<\/b> 240 x 30 x 126<\/p>\n<p><b>inches:<\/b> 94.48 x 11.81 x 49.6<\/p>\n","protected":false},"featured_media":19591,"template":"","meta":{"_editorskit_title_hidden":false,"_editorskit_reading_time":0,"_editorskit_is_block_options_detached":false,"_editorskit_block_options_position":"{}","inline_featured_image":false},"product_brand":[],"product_cat":[457,343],"product_tag":[],"class_list":{"0":"post-19621","1":"product","2":"type-product","3":"status-publish","4":"has-post-thumbnail","6":"product_cat-espejos-consolas","7":"product_cat-espejos1643813618","9":"first","10":"outofstock","11":"shipping-taxable","12":"product-type-simple"},"_links":{"self":[{"href":"https:\/\/www.finsdesiecles-artdeco.com\/es\/wp-json\/wp\/v2\/product\/19621","targetHints":{"allow":["GET"]}}],"collection":[{"href":"https:\/\/www.finsdesiecles-artdeco.com\/es\/wp-json\/wp\/v2\/product"}],"about":[{"href":"https:\/\/www.finsdesiecles-artdeco.com\/es\/wp-json\/wp\/v2\/types\/product"}],"wp:featuredmedia":[{"embeddable":true,"href":"https:\/\/www.finsdesiecles-artdeco.com\/es\/wp-json\/wp\/v2\/media\/19591"}],"wp:attachment":[{"href":"https:\/\/www.finsdesiecles-artdeco.com\/es\/wp-json\/wp\/v2\/media?parent=19621"}],"wp:term":[{"taxonomy":"product_brand","embeddable":true,"href":"https:\/\/www.finsdesiecles-artdeco.com\/es\/wp-json\/wp\/v2\/product_brand?post=19621"},{"taxonomy":"product_cat","embeddable":true,"href":"https:\/\/www.finsdesiecles-artdeco.com\/es\/wp-json\/wp\/v2\/product_cat?post=19621"},{"taxonomy":"product_tag","embeddable":true,"href":"https:\/\/www.finsdesiecles-artdeco.com\/es\/wp-json\/wp\/v2\/product_tag?post=19621"}],"curies":[{"name":"wp","href":"https:\/\/api.w.org\/{rel}","templated":true}]}}