{"id":1975,"date":"2011-01-01T00:00:00","date_gmt":"2011-01-01T00:00:00","guid":{"rendered":"https:\/\/www.finsdesiecles-artdeco.com\/?product=comoda-con-espejo"},"modified":"2023-08-19T11:17:45","modified_gmt":"2023-08-19T11:17:45","slug":"doble-comoda-con-espejo","status":"publish","type":"product","link":"https:\/\/www.finsdesiecles-artdeco.com\/es\/product\/doble-comoda-con-espejo\/","title":{"rendered":"Doble c\u00f3moda Art Dec\u00f3 &#8211; Italia 1930"},"content":{"rendered":"<p>Doble c\u00f3moda <em>art dec\u00f3<\/em> &#8211; Italia 1930<\/p>\n<hr \/>\n<p><b>Dimensiones<\/b><\/p>\n<ul>\n<li><b>cm:<\/b> 243 x 48 x 216<\/li>\n<li><b>inches:<\/b> 95.67 x 18.9 x 85.04<\/li>\n<\/ul>\n","protected":false},"excerpt":{"rendered":"<p>Doble c\u00f3moda <em>art dec\u00f3<\/em> con espejo, chapada en nogal y caoba con tiradores de madera lacada en negro.<\/p>\n<p>Italia c. 1930.<\/p>\n<p><b>Dimensiones<\/b><\/p>\n<ul>\n<li><b>cm:<\/b> 243 x 48 x 216<\/li>\n<li><b>inches:<\/b> 95.67 x 18.9 x 85.04<\/li>\n<\/ul>\n","protected":false},"featured_media":9764,"template":"","meta":{"_editorskit_title_hidden":false,"_editorskit_reading_time":0,"_editorskit_is_block_options_detached":false,"_editorskit_block_options_position":"{}","inline_featured_image":false},"product_brand":[],"product_cat":[412,307],"product_tag":[],"class_list":{"0":"post-1975","1":"product","2":"type-product","3":"status-publish","4":"has-post-thumbnail","6":"product_cat-almacenaje","7":"product_cat-comodas-almacenaje","9":"first","10":"outofstock","11":"product-type-simple"},"_links":{"self":[{"href":"https:\/\/www.finsdesiecles-artdeco.com\/es\/wp-json\/wp\/v2\/product\/1975","targetHints":{"allow":["GET"]}}],"collection":[{"href":"https:\/\/www.finsdesiecles-artdeco.com\/es\/wp-json\/wp\/v2\/product"}],"about":[{"href":"https:\/\/www.finsdesiecles-artdeco.com\/es\/wp-json\/wp\/v2\/types\/product"}],"wp:featuredmedia":[{"embeddable":true,"href":"https:\/\/www.finsdesiecles-artdeco.com\/es\/wp-json\/wp\/v2\/media\/9764"}],"wp:attachment":[{"href":"https:\/\/www.finsdesiecles-artdeco.com\/es\/wp-json\/wp\/v2\/media?parent=1975"}],"wp:term":[{"taxonomy":"product_brand","embeddable":true,"href":"https:\/\/www.finsdesiecles-artdeco.com\/es\/wp-json\/wp\/v2\/product_brand?post=1975"},{"taxonomy":"product_cat","embeddable":true,"href":"https:\/\/www.finsdesiecles-artdeco.com\/es\/wp-json\/wp\/v2\/product_cat?post=1975"},{"taxonomy":"product_tag","embeddable":true,"href":"https:\/\/www.finsdesiecles-artdeco.com\/es\/wp-json\/wp\/v2\/product_tag?post=1975"}],"curies":[{"name":"wp","href":"https:\/\/api.w.org\/{rel}","templated":true}]}}