{"id":1984,"date":"2011-01-01T00:00:00","date_gmt":"2011-01-01T00:00:00","guid":{"rendered":"https:\/\/www.finsdesiecles-artdeco.com\/?product=sillones"},"modified":"2022-08-15T10:34:30","modified_gmt":"2022-08-15T10:34:30","slug":"sillon-art-deco-francia-1940","status":"publish","type":"product","link":"https:\/\/www.finsdesiecles-artdeco.com\/es\/product\/sillon-art-deco-francia-1940\/","title":{"rendered":"Sill\u00f3n Art Dec\u00f3 &#8211; Francia 1940"},"content":{"rendered":"<p>Sill\u00f3n <em>art dec\u00f3<\/em> &#8211; Francia 1940<\/p>\n<hr \/>\n<p><b>Dimensiones<\/b><\/p>\n<ul>\n<li><b>cm:<\/b> 67 x 70 x 101<\/li>\n<li><b>inches:<\/b> 26.38 x 27.56 x 39.76<\/li>\n<\/ul>\n","protected":false},"excerpt":{"rendered":"<p>Sill\u00f3n <em>art dec\u00f3<\/em> con respaldo muy alto, madera tintada borgo\u00f1a, piel color piedra.<\/p>\n<p>Francia c. 1940<\/p>\n<p><b>Dimensions<\/b><\/p>\n<ul>\n<li><b>cm:<\/b> 67 x 70 x 101<\/li>\n<li><b>inches:<\/b> 26.38 x 27.56 x 39.76<\/li>\n<\/ul>\n","protected":false},"featured_media":1977,"template":"","meta":{"_editorskit_title_hidden":false,"_editorskit_reading_time":0,"_editorskit_is_block_options_detached":false,"_editorskit_block_options_position":"{}","inline_featured_image":false},"product_brand":[],"product_cat":[252,253],"product_tag":[],"class_list":{"0":"post-1984","1":"product","2":"type-product","3":"status-publish","4":"has-post-thumbnail","6":"product_cat-asientos1643813446","7":"product_cat-sillones2","9":"first","10":"instock","11":"purchasable","12":"product-type-simple"},"_links":{"self":[{"href":"https:\/\/www.finsdesiecles-artdeco.com\/es\/wp-json\/wp\/v2\/product\/1984","targetHints":{"allow":["GET"]}}],"collection":[{"href":"https:\/\/www.finsdesiecles-artdeco.com\/es\/wp-json\/wp\/v2\/product"}],"about":[{"href":"https:\/\/www.finsdesiecles-artdeco.com\/es\/wp-json\/wp\/v2\/types\/product"}],"wp:featuredmedia":[{"embeddable":true,"href":"https:\/\/www.finsdesiecles-artdeco.com\/es\/wp-json\/wp\/v2\/media\/1977"}],"wp:attachment":[{"href":"https:\/\/www.finsdesiecles-artdeco.com\/es\/wp-json\/wp\/v2\/media?parent=1984"}],"wp:term":[{"taxonomy":"product_brand","embeddable":true,"href":"https:\/\/www.finsdesiecles-artdeco.com\/es\/wp-json\/wp\/v2\/product_brand?post=1984"},{"taxonomy":"product_cat","embeddable":true,"href":"https:\/\/www.finsdesiecles-artdeco.com\/es\/wp-json\/wp\/v2\/product_cat?post=1984"},{"taxonomy":"product_tag","embeddable":true,"href":"https:\/\/www.finsdesiecles-artdeco.com\/es\/wp-json\/wp\/v2\/product_tag?post=1984"}],"curies":[{"name":"wp","href":"https:\/\/api.w.org\/{rel}","templated":true}]}}