{"id":19883,"date":"2023-02-25T10:24:09","date_gmt":"2023-02-25T10:24:09","guid":{"rendered":"https:\/\/www.finsdesiecles-artdeco.com\/product\/cheval\/"},"modified":"2023-02-25T10:30:19","modified_gmt":"2023-02-25T10:30:19","slug":"caballo","status":"publish","type":"product","link":"https:\/\/www.finsdesiecles-artdeco.com\/es\/product\/caballo\/","title":{"rendered":"Caballo de roble macizo &#8211; Espa\u00f1a 1920"},"content":{"rendered":"<p>Caballo de roble macizo &#8211; Espa\u00f1a 1920<\/p>\n<p>&nbsp;<\/p>\n<p><strong>Dimensiones<\/strong><\/p>\n<p><strong>cm<\/strong> 160 x 30 x 158<\/p>\n<p><strong>inches<\/strong> 63 x 11.8 x 62.2<\/p>\n","protected":false},"excerpt":{"rendered":"<p>Caballo de roble macizo desmontable en cuatro piezas. P\u00e1tina original. Crin, cola, pezu\u00f1as y detalles en negro. Accesorio procedente de un antiguo estudio de fotograf\u00eda cerca de Madrid.<\/p>\n<p>Espa\u00f1a c. 1920.<\/p>\n<p>&nbsp;<\/p>\n<p><strong>Dimensiones<\/strong><\/p>\n<p><strong>cm<\/strong> 160 x 30 x 158<\/p>\n<p><strong>inches<\/strong> 63 x 11.8 x 62.2<\/p>\n","protected":false},"featured_media":19851,"template":"","meta":{"_editorskit_title_hidden":false,"_editorskit_reading_time":0,"_editorskit_is_block_options_detached":false,"_editorskit_block_options_position":"{}","inline_featured_image":false},"product_brand":[],"product_cat":[268,465],"product_tag":[],"class_list":{"0":"post-19883","1":"product","2":"type-product","3":"status-publish","4":"has-post-thumbnail","6":"product_cat-objetos-y-adornos","7":"product_cat-objetos-decorativos","9":"first","10":"instock","11":"shipping-taxable","12":"purchasable","13":"product-type-simple"},"_links":{"self":[{"href":"https:\/\/www.finsdesiecles-artdeco.com\/es\/wp-json\/wp\/v2\/product\/19883","targetHints":{"allow":["GET"]}}],"collection":[{"href":"https:\/\/www.finsdesiecles-artdeco.com\/es\/wp-json\/wp\/v2\/product"}],"about":[{"href":"https:\/\/www.finsdesiecles-artdeco.com\/es\/wp-json\/wp\/v2\/types\/product"}],"wp:featuredmedia":[{"embeddable":true,"href":"https:\/\/www.finsdesiecles-artdeco.com\/es\/wp-json\/wp\/v2\/media\/19851"}],"wp:attachment":[{"href":"https:\/\/www.finsdesiecles-artdeco.com\/es\/wp-json\/wp\/v2\/media?parent=19883"}],"wp:term":[{"taxonomy":"product_brand","embeddable":true,"href":"https:\/\/www.finsdesiecles-artdeco.com\/es\/wp-json\/wp\/v2\/product_brand?post=19883"},{"taxonomy":"product_cat","embeddable":true,"href":"https:\/\/www.finsdesiecles-artdeco.com\/es\/wp-json\/wp\/v2\/product_cat?post=19883"},{"taxonomy":"product_tag","embeddable":true,"href":"https:\/\/www.finsdesiecles-artdeco.com\/es\/wp-json\/wp\/v2\/product_tag?post=19883"}],"curies":[{"name":"wp","href":"https:\/\/api.w.org\/{rel}","templated":true}]}}