{"id":20127,"date":"2023-03-02T15:20:05","date_gmt":"2023-03-02T15:20:05","guid":{"rendered":"https:\/\/www.finsdesiecles-artdeco.com\/product\/limoges-porcelain-vase-france-1930\/"},"modified":"2023-03-02T15:33:08","modified_gmt":"2023-03-02T15:33:08","slug":"jarron-3","status":"publish","type":"product","link":"https:\/\/www.finsdesiecles-artdeco.com\/es\/product\/jarron-3\/","title":{"rendered":"Jarr\u00f3n de porcelana de Limoges &#8211; Francia 1930"},"content":{"rendered":"<p><strong>Camille Tharaud<\/strong> (Limoges, Francia 1878-1956)<\/p>\n<p>Ceramista franc\u00e9s conocido por sus obras de porcelana en esmaltes de colores fundidos, elaborados a partir de guijarros de granito de Limousin. Estudi\u00f3 en el instituto Gay-Lussac de Limoges y en Bellac. Durante sus estudios conoci\u00f3 a Francis Chigot, quien le influy\u00f3 a la hora de decantarse por la porcelana. Movilizado durante la Primera Guerra Mundial, result\u00f3 gravemente herido en la cabeza y obtuvo un permiso de convalecencia que pas\u00f3 en Limoges. Sus primeras investigaciones dirigidas a las pastas coloreadas durante esta convalecencia le llevaron a profundizar en la coloraci\u00f3n de los esmaltes. En vez de colorear una fina capa de pasta o pintar sobre un esmalte ya endurecido, Tharaud logr\u00f3 colorear el esmalte en su espesor. Sus piezas se expusieron en Par\u00eds (Salon des artistes decorateurs, 1928-1933), en la Exposici\u00f3n Universal de 1937 e incluso en Nueva York (Exposici\u00f3n colectiva de porcel\u00e1nicos de Limoges, 1939).<\/p>\n<p>&nbsp;<\/p>\n","protected":false},"excerpt":{"rendered":"<p>Jarr\u00f3n de porcelana de Limoges decorado con helechos en tonos beige y marrones.<\/p>\n<p>Firmado y estampado: Camille Tharaud.<\/p>\n<p>Limoges, Francia c.1930.<\/p>\n<p>&nbsp;<\/p>\n<p><strong>Dimensiones<\/strong><\/p>\n<p><strong>cm<\/strong> Diam\u00a0 20 x 14<\/p>\n<p><strong>inches<\/strong> Diam 7.87 x 5.51<\/p>\n<p>&nbsp;<\/p>\n","protected":false},"featured_media":20102,"template":"","meta":{"_editorskit_title_hidden":false,"_editorskit_reading_time":0,"_editorskit_is_block_options_detached":false,"_editorskit_block_options_position":"{}","inline_featured_image":false},"product_brand":[],"product_cat":[268,463],"product_tag":[],"class_list":{"0":"post-20127","1":"product","2":"type-product","3":"status-publish","4":"has-post-thumbnail","6":"product_cat-objetos-y-adornos","7":"product_cat-ceramicas","9":"first","10":"instock","11":"shipping-taxable","12":"purchasable","13":"product-type-simple"},"_links":{"self":[{"href":"https:\/\/www.finsdesiecles-artdeco.com\/es\/wp-json\/wp\/v2\/product\/20127","targetHints":{"allow":["GET"]}}],"collection":[{"href":"https:\/\/www.finsdesiecles-artdeco.com\/es\/wp-json\/wp\/v2\/product"}],"about":[{"href":"https:\/\/www.finsdesiecles-artdeco.com\/es\/wp-json\/wp\/v2\/types\/product"}],"wp:featuredmedia":[{"embeddable":true,"href":"https:\/\/www.finsdesiecles-artdeco.com\/es\/wp-json\/wp\/v2\/media\/20102"}],"wp:attachment":[{"href":"https:\/\/www.finsdesiecles-artdeco.com\/es\/wp-json\/wp\/v2\/media?parent=20127"}],"wp:term":[{"taxonomy":"product_brand","embeddable":true,"href":"https:\/\/www.finsdesiecles-artdeco.com\/es\/wp-json\/wp\/v2\/product_brand?post=20127"},{"taxonomy":"product_cat","embeddable":true,"href":"https:\/\/www.finsdesiecles-artdeco.com\/es\/wp-json\/wp\/v2\/product_cat?post=20127"},{"taxonomy":"product_tag","embeddable":true,"href":"https:\/\/www.finsdesiecles-artdeco.com\/es\/wp-json\/wp\/v2\/product_tag?post=20127"}],"curies":[{"name":"wp","href":"https:\/\/api.w.org\/{rel}","templated":true}]}}