{"id":21198,"date":"2023-04-04T10:06:08","date_gmt":"2023-04-04T10:06:08","guid":{"rendered":"https:\/\/www.finsdesiecles-artdeco.com\/product\/lustre-5\/"},"modified":"2023-04-04T10:19:26","modified_gmt":"2023-04-04T10:19:26","slug":"lampara-de-techo-6","status":"publish","type":"product","link":"https:\/\/www.finsdesiecles-artdeco.com\/es\/product\/lampara-de-techo-6\/","title":{"rendered":"L\u00e1mpara de techo Art Dec\u00f3 &#8211; Francia 1930"},"content":{"rendered":"<p>L\u00e1mpara de techo <em>art dec\u00f3<\/em> &#8211; Francia 1930<\/p>\n<p>&nbsp;<\/p>\n<p><strong>Dimensiones<\/strong><\/p>\n<p><strong>cm<\/strong> Diam 42 x 67<\/p>\n<p><strong>inches<\/strong> Diam 16.53 x 26.37<\/p>\n","protected":false},"excerpt":{"rendered":"<p>L\u00e1mpara de techo <em>art dec\u00f3<\/em> con marco de bronce y dos cuencos de vidrio grueso prensado decorados con pi\u00f1as. Dos puntos de luz.<\/p>\n<p>&nbsp;<\/p>\n<p><strong>Dimensiones<\/strong><\/p>\n<p><strong>cm<\/strong> Diam 42 x 67<\/p>\n<p><strong>inches<\/strong> Diam 16.53 x 26.37<\/p>\n","protected":false},"featured_media":21174,"template":"","meta":{"_editorskit_title_hidden":false,"_editorskit_reading_time":0,"_editorskit_is_block_options_detached":false,"_editorskit_block_options_position":"{}","inline_featured_image":false},"product_brand":[],"product_cat":[328,265],"product_tag":[],"class_list":{"0":"post-21198","1":"product","2":"type-product","3":"status-publish","4":"has-post-thumbnail","6":"product_cat-lamparas-de-techo","7":"product_cat-iluminacion","9":"first","10":"outofstock","11":"shipping-taxable","12":"product-type-simple"},"_links":{"self":[{"href":"https:\/\/www.finsdesiecles-artdeco.com\/es\/wp-json\/wp\/v2\/product\/21198","targetHints":{"allow":["GET"]}}],"collection":[{"href":"https:\/\/www.finsdesiecles-artdeco.com\/es\/wp-json\/wp\/v2\/product"}],"about":[{"href":"https:\/\/www.finsdesiecles-artdeco.com\/es\/wp-json\/wp\/v2\/types\/product"}],"wp:featuredmedia":[{"embeddable":true,"href":"https:\/\/www.finsdesiecles-artdeco.com\/es\/wp-json\/wp\/v2\/media\/21174"}],"wp:attachment":[{"href":"https:\/\/www.finsdesiecles-artdeco.com\/es\/wp-json\/wp\/v2\/media?parent=21198"}],"wp:term":[{"taxonomy":"product_brand","embeddable":true,"href":"https:\/\/www.finsdesiecles-artdeco.com\/es\/wp-json\/wp\/v2\/product_brand?post=21198"},{"taxonomy":"product_cat","embeddable":true,"href":"https:\/\/www.finsdesiecles-artdeco.com\/es\/wp-json\/wp\/v2\/product_cat?post=21198"},{"taxonomy":"product_tag","embeddable":true,"href":"https:\/\/www.finsdesiecles-artdeco.com\/es\/wp-json\/wp\/v2\/product_tag?post=21198"}],"curies":[{"name":"wp","href":"https:\/\/api.w.org\/{rel}","templated":true}]}}