{"id":22275,"date":"2023-05-12T11:48:33","date_gmt":"2023-05-12T11:48:33","guid":{"rendered":"https:\/\/www.finsdesiecles-artdeco.com\/product\/lampadaire-4\/"},"modified":"2023-05-12T11:55:06","modified_gmt":"2023-05-12T11:55:06","slug":"lampara-de-pie-5","status":"publish","type":"product","link":"https:\/\/www.finsdesiecles-artdeco.com\/es\/product\/lampara-de-pie-5\/","title":{"rendered":"L\u00e1mpara de pie Stilnovo \u2013 Italia 1950"},"content":{"rendered":"<p>L\u00e1mpara de pie Stilnovo \u2013 Italia 1950<\/p>\n<p>&nbsp;<\/p>\n<p><strong>Dimensiones<\/strong><\/p>\n<p><strong>cm<\/strong> Diam 28 x 163<\/p>\n<p><strong>inches<\/strong> Diam 11.02 x 64.17<\/p>\n","protected":false},"excerpt":{"rendered":"<p>L\u00e1mpara de pie Stilnovo con base redonda de roble y lat\u00f3n niquelado, y largo pie que acaba en forma ovalada alargada, mitad de lat\u00f3n niquelado, mitad de vidrio opalino.<\/p>\n<p>Italia c. 1950.<\/p>\n<p>&nbsp;<\/p>\n<p><strong>Dimensiones<\/strong><\/p>\n<p><strong>cm<\/strong> Diam 28 x 163<\/p>\n<p><strong>inches<\/strong> Diam 11.02 x 64.17<\/p>\n","protected":false},"featured_media":22255,"template":"","meta":{"_editorskit_title_hidden":false,"_editorskit_reading_time":0,"_editorskit_is_block_options_detached":false,"_editorskit_block_options_position":"{}","inline_featured_image":false},"product_brand":[],"product_cat":[265,331],"product_tag":[],"class_list":{"0":"post-22275","1":"product","2":"type-product","3":"status-publish","4":"has-post-thumbnail","6":"product_cat-iluminacion","7":"product_cat-lamparas-de-pie","9":"first","10":"instock","11":"shipping-taxable","12":"purchasable","13":"product-type-simple"},"_links":{"self":[{"href":"https:\/\/www.finsdesiecles-artdeco.com\/es\/wp-json\/wp\/v2\/product\/22275","targetHints":{"allow":["GET"]}}],"collection":[{"href":"https:\/\/www.finsdesiecles-artdeco.com\/es\/wp-json\/wp\/v2\/product"}],"about":[{"href":"https:\/\/www.finsdesiecles-artdeco.com\/es\/wp-json\/wp\/v2\/types\/product"}],"wp:featuredmedia":[{"embeddable":true,"href":"https:\/\/www.finsdesiecles-artdeco.com\/es\/wp-json\/wp\/v2\/media\/22255"}],"wp:attachment":[{"href":"https:\/\/www.finsdesiecles-artdeco.com\/es\/wp-json\/wp\/v2\/media?parent=22275"}],"wp:term":[{"taxonomy":"product_brand","embeddable":true,"href":"https:\/\/www.finsdesiecles-artdeco.com\/es\/wp-json\/wp\/v2\/product_brand?post=22275"},{"taxonomy":"product_cat","embeddable":true,"href":"https:\/\/www.finsdesiecles-artdeco.com\/es\/wp-json\/wp\/v2\/product_cat?post=22275"},{"taxonomy":"product_tag","embeddable":true,"href":"https:\/\/www.finsdesiecles-artdeco.com\/es\/wp-json\/wp\/v2\/product_tag?post=22275"}],"curies":[{"name":"wp","href":"https:\/\/api.w.org\/{rel}","templated":true}]}}