{"id":22637,"date":"2023-05-26T10:11:37","date_gmt":"2023-05-26T10:11:37","guid":{"rendered":"https:\/\/www.finsdesiecles-artdeco.com\/product\/ceramique\/"},"modified":"2023-05-26T11:03:36","modified_gmt":"2023-05-26T11:03:36","slug":"ceramica","status":"publish","type":"product","link":"https:\/\/www.finsdesiecles-artdeco.com\/es\/product\/ceramica\/","title":{"rendered":"Cer\u00e1mica de Kn\u00f6rlein para Goldscheider &#8211; Austria 1930"},"content":{"rendered":"<p><strong>Rudolf Kn\u00f6rlein<\/strong> (Austria 1902 \u2013 1988)<\/p>\n<p>Escultor y ceramista que trabaj\u00f3 para Wiener Werkstatte, Gmundner Keramik y Goldscheider. Fue famoso por sus colores y esmaltes, que desempe\u00f1aron un papel importante en el dise\u00f1o de la gama Goldscheider de Alemania Occidental. Para esta compa\u00f1\u00eda dise\u00f1\u00f3 m\u00e1scaras de pared.<\/p>\n<p>La f\u00e1brica de porcelana Goldscheider fue fundada en 1885 por Friedrich Goldscheider en Viena. En un corto per\u00edodo de tiempo, Goldscheider obtuvo un amplio reconocimiento internacional y premios notables, y se estableci\u00f3 como una empresa l\u00edder en cer\u00e1mica, primero en Viena y pronto en toda Europa.<\/p>\n","protected":false},"excerpt":{"rendered":"<p>Cer\u00e1mica esmaltada \u00abMujer con pelo rizado\u00bb.<br \/>\nDise\u00f1ador: Rudolf Kn\u00f6rlein.<br \/>\nFabricante: Goldscheider.<\/p>\n<p>Austria, Viena c.1930.<\/p>\n<p>&nbsp;<\/p>\n<p><strong>Dimensiones<\/strong><\/p>\n<p><strong>cm<\/strong>\u00a0 20 x 23 x 33<\/p>\n<p><strong>inches<\/strong>\u00a0 7.87 x 9.05 x 12.99<\/p>\n<p>&nbsp;<\/p>\n","protected":false},"featured_media":22602,"template":"","meta":{"_editorskit_title_hidden":false,"_editorskit_reading_time":0,"_editorskit_is_block_options_detached":false,"_editorskit_block_options_position":"{}","inline_featured_image":false},"product_brand":[],"product_cat":[268,463],"product_tag":[],"class_list":{"0":"post-22637","1":"product","2":"type-product","3":"status-publish","4":"has-post-thumbnail","6":"product_cat-objetos-y-adornos","7":"product_cat-ceramicas","9":"first","10":"instock","11":"shipping-taxable","12":"purchasable","13":"product-type-simple"},"_links":{"self":[{"href":"https:\/\/www.finsdesiecles-artdeco.com\/es\/wp-json\/wp\/v2\/product\/22637","targetHints":{"allow":["GET"]}}],"collection":[{"href":"https:\/\/www.finsdesiecles-artdeco.com\/es\/wp-json\/wp\/v2\/product"}],"about":[{"href":"https:\/\/www.finsdesiecles-artdeco.com\/es\/wp-json\/wp\/v2\/types\/product"}],"wp:featuredmedia":[{"embeddable":true,"href":"https:\/\/www.finsdesiecles-artdeco.com\/es\/wp-json\/wp\/v2\/media\/22602"}],"wp:attachment":[{"href":"https:\/\/www.finsdesiecles-artdeco.com\/es\/wp-json\/wp\/v2\/media?parent=22637"}],"wp:term":[{"taxonomy":"product_brand","embeddable":true,"href":"https:\/\/www.finsdesiecles-artdeco.com\/es\/wp-json\/wp\/v2\/product_brand?post=22637"},{"taxonomy":"product_cat","embeddable":true,"href":"https:\/\/www.finsdesiecles-artdeco.com\/es\/wp-json\/wp\/v2\/product_cat?post=22637"},{"taxonomy":"product_tag","embeddable":true,"href":"https:\/\/www.finsdesiecles-artdeco.com\/es\/wp-json\/wp\/v2\/product_tag?post=22637"}],"curies":[{"name":"wp","href":"https:\/\/api.w.org\/{rel}","templated":true}]}}