{"id":22827,"date":"2023-06-02T09:56:06","date_gmt":"2023-06-02T09:56:06","guid":{"rendered":"https:\/\/www.finsdesiecles-artdeco.com\/product\/lampe-de-table-9\/"},"modified":"2023-06-02T10:15:09","modified_gmt":"2023-06-02T10:15:09","slug":"lampara-de-mesa-9","status":"publish","type":"product","link":"https:\/\/www.finsdesiecles-artdeco.com\/es\/product\/lampara-de-mesa-9\/","title":{"rendered":"Gran l\u00e1mpara de mesa de Stilux Milano &#8211; Italia 1960"},"content":{"rendered":"<p>Gran l\u00e1mpara de mesa de Stilux Milano &#8211; Italia 1960<\/p>\n<p>&nbsp;<\/p>\n<p><strong>Dimensiones<\/strong><\/p>\n<p><strong>cm<\/strong> 63 x 50 x 50<\/p>\n<p><strong>inches<\/strong> 24.8 x 19.68 x 19.68<\/p>\n<p>&nbsp;<\/p>\n","protected":false},"excerpt":{"rendered":"<p>Gran l\u00e1mpara de mesa con base redonda en m\u00e1rmol blanco; brazo articulado en acero y lat\u00f3n niquelado y lacado en negro; reflectores en plexigl\u00e1s transl\u00facido blanco y violeta. Dos bombillas.<\/p>\n<p>Fabricante: Stilux Milano.<\/p>\n<p>Italia c. 1960<\/p>\n<p>&nbsp;<\/p>\n<p><strong>Dimensiones<\/strong><\/p>\n<p><strong>cm<\/strong> 63 x 50 x 50<\/p>\n<p><strong>inches<\/strong> 24.8 x 19.68 x 19.68<\/p>\n<p>&nbsp;<\/p>\n","protected":false},"featured_media":22804,"template":"","meta":{"_editorskit_title_hidden":false,"_editorskit_reading_time":0,"_editorskit_is_block_options_detached":false,"_editorskit_block_options_position":"{}","inline_featured_image":false},"product_brand":[],"product_cat":[265,334],"product_tag":[],"class_list":{"0":"post-22827","1":"product","2":"type-product","3":"status-publish","4":"has-post-thumbnail","6":"product_cat-iluminacion","7":"product_cat-lamparas-de-mesa","9":"first","10":"instock","11":"shipping-taxable","12":"purchasable","13":"product-type-simple"},"_links":{"self":[{"href":"https:\/\/www.finsdesiecles-artdeco.com\/es\/wp-json\/wp\/v2\/product\/22827","targetHints":{"allow":["GET"]}}],"collection":[{"href":"https:\/\/www.finsdesiecles-artdeco.com\/es\/wp-json\/wp\/v2\/product"}],"about":[{"href":"https:\/\/www.finsdesiecles-artdeco.com\/es\/wp-json\/wp\/v2\/types\/product"}],"wp:featuredmedia":[{"embeddable":true,"href":"https:\/\/www.finsdesiecles-artdeco.com\/es\/wp-json\/wp\/v2\/media\/22804"}],"wp:attachment":[{"href":"https:\/\/www.finsdesiecles-artdeco.com\/es\/wp-json\/wp\/v2\/media?parent=22827"}],"wp:term":[{"taxonomy":"product_brand","embeddable":true,"href":"https:\/\/www.finsdesiecles-artdeco.com\/es\/wp-json\/wp\/v2\/product_brand?post=22827"},{"taxonomy":"product_cat","embeddable":true,"href":"https:\/\/www.finsdesiecles-artdeco.com\/es\/wp-json\/wp\/v2\/product_cat?post=22827"},{"taxonomy":"product_tag","embeddable":true,"href":"https:\/\/www.finsdesiecles-artdeco.com\/es\/wp-json\/wp\/v2\/product_tag?post=22827"}],"curies":[{"name":"wp","href":"https:\/\/api.w.org\/{rel}","templated":true}]}}