{"id":22861,"date":"2023-06-02T10:45:05","date_gmt":"2023-06-02T10:45:05","guid":{"rendered":"https:\/\/www.finsdesiecles-artdeco.com\/product\/lampadaire-5\/"},"modified":"2023-06-02T11:01:46","modified_gmt":"2023-06-02T11:01:46","slug":"lampara-de-pie-6","status":"publish","type":"product","link":"https:\/\/www.finsdesiecles-artdeco.com\/es\/product\/lampara-de-pie-6\/","title":{"rendered":"L\u00e1mpara de pie Art D\u00e9co &#8211; Francia 1920"},"content":{"rendered":"<p>L\u00e1mpara de pie <em>art d\u00e9co<\/em> &#8211; Francia 1920<\/p>\n<p>&nbsp;<\/p>\n<p><strong>Dimensiones<\/strong><\/p>\n<p><strong>cm<\/strong> Diam 68 x 183<\/p>\n<p><strong>inches<\/strong> Diam 26.77 x 72.04<\/p>\n","protected":false},"excerpt":{"rendered":"<p>L\u00e1mpara de pie <em>art d\u00e9co<\/em> de hierro forjado con nueva pantalla de lona color \u00f3xido.<\/p>\n<p>Francia c.1920.<\/p>\n<p><strong>Dimensiones<\/strong><\/p>\n<p><strong>cm<\/strong> Diam 68 x 183<\/p>\n<p><strong>inches<\/strong> Diam 26.77 x 72.04<\/p>\n","protected":false},"featured_media":22832,"template":"","meta":{"_editorskit_title_hidden":false,"_editorskit_reading_time":0,"_editorskit_is_block_options_detached":false,"_editorskit_block_options_position":"{}","inline_featured_image":false},"product_brand":[],"product_cat":[265,331],"product_tag":[],"class_list":{"0":"post-22861","1":"product","2":"type-product","3":"status-publish","4":"has-post-thumbnail","6":"product_cat-iluminacion","7":"product_cat-lamparas-de-pie","9":"first","10":"instock","11":"shipping-taxable","12":"purchasable","13":"product-type-simple"},"_links":{"self":[{"href":"https:\/\/www.finsdesiecles-artdeco.com\/es\/wp-json\/wp\/v2\/product\/22861","targetHints":{"allow":["GET"]}}],"collection":[{"href":"https:\/\/www.finsdesiecles-artdeco.com\/es\/wp-json\/wp\/v2\/product"}],"about":[{"href":"https:\/\/www.finsdesiecles-artdeco.com\/es\/wp-json\/wp\/v2\/types\/product"}],"wp:featuredmedia":[{"embeddable":true,"href":"https:\/\/www.finsdesiecles-artdeco.com\/es\/wp-json\/wp\/v2\/media\/22832"}],"wp:attachment":[{"href":"https:\/\/www.finsdesiecles-artdeco.com\/es\/wp-json\/wp\/v2\/media?parent=22861"}],"wp:term":[{"taxonomy":"product_brand","embeddable":true,"href":"https:\/\/www.finsdesiecles-artdeco.com\/es\/wp-json\/wp\/v2\/product_brand?post=22861"},{"taxonomy":"product_cat","embeddable":true,"href":"https:\/\/www.finsdesiecles-artdeco.com\/es\/wp-json\/wp\/v2\/product_cat?post=22861"},{"taxonomy":"product_tag","embeddable":true,"href":"https:\/\/www.finsdesiecles-artdeco.com\/es\/wp-json\/wp\/v2\/product_tag?post=22861"}],"curies":[{"name":"wp","href":"https:\/\/api.w.org\/{rel}","templated":true}]}}