{"id":22978,"date":"2023-06-03T09:44:44","date_gmt":"2023-06-03T09:44:44","guid":{"rendered":"https:\/\/www.finsdesiecles-artdeco.com\/product\/lustre-9\/"},"modified":"2023-06-03T09:58:51","modified_gmt":"2023-06-03T09:58:51","slug":"lampara-de-techo-10","status":"publish","type":"product","link":"https:\/\/www.finsdesiecles-artdeco.com\/es\/product\/lampara-de-techo-10\/","title":{"rendered":"L\u00e1mpara de techo &#8211; Italia 1950-60"},"content":{"rendered":"<p>L\u00e1mpara de techo &#8211; Italia 1950-60<\/p>\n<p>&nbsp;<\/p>\n<p><strong>Dimensiones<\/strong><\/p>\n<p><strong>cm<\/strong> Diam 45 x 90<\/p>\n<p><strong>inches<\/strong> Diam 17.71 x 35.43<\/p>\n","protected":false},"excerpt":{"rendered":"<p>L\u00e1mpara de techo con 12 placas de vidrio curvado de color verde p\u00e1lido y gris ahumado; eje central, base superior y sistema de montaje el\u00e9ctrico de metal niquelado (10 bombillas). Muy alta calidad.<\/p>\n<p>Italia c. 1950-60.<\/p>\n<p><strong>Dimensiones<\/strong><\/p>\n<p><strong>cm<\/strong> Diam 45 x 90<\/p>\n<p><strong>inches<\/strong> Diam 17.71 x 35.43<\/p>\n<p>&nbsp;<\/p>\n","protected":false},"featured_media":22964,"template":"","meta":{"_editorskit_title_hidden":false,"_editorskit_reading_time":0,"_editorskit_is_block_options_detached":false,"_editorskit_block_options_position":"{}","inline_featured_image":false},"product_brand":[],"product_cat":[265,328],"product_tag":[],"class_list":{"0":"post-22978","1":"product","2":"type-product","3":"status-publish","4":"has-post-thumbnail","6":"product_cat-iluminacion","7":"product_cat-lamparas-de-techo","9":"first","10":"instock","11":"shipping-taxable","12":"purchasable","13":"product-type-simple"},"_links":{"self":[{"href":"https:\/\/www.finsdesiecles-artdeco.com\/es\/wp-json\/wp\/v2\/product\/22978","targetHints":{"allow":["GET"]}}],"collection":[{"href":"https:\/\/www.finsdesiecles-artdeco.com\/es\/wp-json\/wp\/v2\/product"}],"about":[{"href":"https:\/\/www.finsdesiecles-artdeco.com\/es\/wp-json\/wp\/v2\/types\/product"}],"wp:featuredmedia":[{"embeddable":true,"href":"https:\/\/www.finsdesiecles-artdeco.com\/es\/wp-json\/wp\/v2\/media\/22964"}],"wp:attachment":[{"href":"https:\/\/www.finsdesiecles-artdeco.com\/es\/wp-json\/wp\/v2\/media?parent=22978"}],"wp:term":[{"taxonomy":"product_brand","embeddable":true,"href":"https:\/\/www.finsdesiecles-artdeco.com\/es\/wp-json\/wp\/v2\/product_brand?post=22978"},{"taxonomy":"product_cat","embeddable":true,"href":"https:\/\/www.finsdesiecles-artdeco.com\/es\/wp-json\/wp\/v2\/product_cat?post=22978"},{"taxonomy":"product_tag","embeddable":true,"href":"https:\/\/www.finsdesiecles-artdeco.com\/es\/wp-json\/wp\/v2\/product_tag?post=22978"}],"curies":[{"name":"wp","href":"https:\/\/api.w.org\/{rel}","templated":true}]}}