{"id":23616,"date":"2023-06-29T16:01:34","date_gmt":"2023-06-29T16:01:34","guid":{"rendered":"https:\/\/www.finsdesiecles-artdeco.com\/product\/art-deco-vase-belgium-1925\/"},"modified":"2023-06-29T16:10:50","modified_gmt":"2023-06-29T16:10:50","slug":"jarron-4","status":"publish","type":"product","link":"https:\/\/www.finsdesiecles-artdeco.com\/es\/product\/jarron-4\/","title":{"rendered":"Jarr\u00f3n Art Dec\u00f3 &#8211; B\u00e9lgica 1925"},"content":{"rendered":"<p>Jarr\u00f3n Art Dec\u00f3 &#8211; B\u00e9lgica 1925<\/p>\n<p>&nbsp;<\/p>\n<p><strong>Dimensions<\/strong><\/p>\n<p><strong>cm<\/strong> Diam 22 x 27<\/p>\n<p><strong>inches<\/strong> Diam 0,86 x 1,06<\/p>\n","protected":false},"excerpt":{"rendered":"<p>Jarr\u00f3n <em>art dec\u00f3<\/em> de cer\u00e1mica esmaltada con motivos florales y geom\u00e9tricos, asas y base parcialmente doradas.<br \/>\nCreado por Raymond Chevallier (1900-1959), sucesor de Charles Catteau.<br \/>\nProducci\u00f3n: Boch La Louviere.<\/p>\n<p>B\u00e9lgica c.1925.<\/p>\n<p>&nbsp;<\/p>\n<p><strong>Dimensiones<\/strong><\/p>\n<p><strong>cm<\/strong> Diam 22 x 27<\/p>\n<p><strong>inches<\/strong> Diam 0,86 x 1,06<\/p>\n<p>&nbsp;<\/p>\n","protected":false},"featured_media":23593,"template":"","meta":{"_editorskit_title_hidden":false,"_editorskit_reading_time":0,"_editorskit_is_block_options_detached":false,"_editorskit_block_options_position":"{}","inline_featured_image":false},"product_brand":[],"product_cat":[268,463],"product_tag":[],"class_list":{"0":"post-23616","1":"product","2":"type-product","3":"status-publish","4":"has-post-thumbnail","6":"product_cat-objetos-y-adornos","7":"product_cat-ceramicas","9":"first","10":"instock","11":"shipping-taxable","12":"purchasable","13":"product-type-simple"},"_links":{"self":[{"href":"https:\/\/www.finsdesiecles-artdeco.com\/es\/wp-json\/wp\/v2\/product\/23616","targetHints":{"allow":["GET"]}}],"collection":[{"href":"https:\/\/www.finsdesiecles-artdeco.com\/es\/wp-json\/wp\/v2\/product"}],"about":[{"href":"https:\/\/www.finsdesiecles-artdeco.com\/es\/wp-json\/wp\/v2\/types\/product"}],"wp:featuredmedia":[{"embeddable":true,"href":"https:\/\/www.finsdesiecles-artdeco.com\/es\/wp-json\/wp\/v2\/media\/23593"}],"wp:attachment":[{"href":"https:\/\/www.finsdesiecles-artdeco.com\/es\/wp-json\/wp\/v2\/media?parent=23616"}],"wp:term":[{"taxonomy":"product_brand","embeddable":true,"href":"https:\/\/www.finsdesiecles-artdeco.com\/es\/wp-json\/wp\/v2\/product_brand?post=23616"},{"taxonomy":"product_cat","embeddable":true,"href":"https:\/\/www.finsdesiecles-artdeco.com\/es\/wp-json\/wp\/v2\/product_cat?post=23616"},{"taxonomy":"product_tag","embeddable":true,"href":"https:\/\/www.finsdesiecles-artdeco.com\/es\/wp-json\/wp\/v2\/product_tag?post=23616"}],"curies":[{"name":"wp","href":"https:\/\/api.w.org\/{rel}","templated":true}]}}