{"id":24223,"date":"2023-07-22T10:31:14","date_gmt":"2023-07-22T10:31:14","guid":{"rendered":"https:\/\/www.finsdesiecles-artdeco.com\/product\/lampadaire-7\/"},"modified":"2024-04-11T14:26:15","modified_gmt":"2024-04-11T14:26:15","slug":"lampara-de-pie-8","status":"publish","type":"product","link":"https:\/\/www.finsdesiecles-artdeco.com\/es\/product\/lampara-de-pie-8\/","title":{"rendered":"L\u00e1mpara de pie de hierro forjado &#8211; Espa\u00f1a 1950"},"content":{"rendered":"<p>L\u00e1mpara de pie de hierro forjado &#8211; Espa\u00f1a 1950<\/p>\n<p>&nbsp;<\/p>\n<p><strong>Dimensiones<\/strong><\/p>\n<p><strong>cm<\/strong> Diam 45 x 170<\/p>\n<p><strong>inches<\/strong> Diam 17.72 x 66.93<\/p>\n","protected":false},"excerpt":{"rendered":"<p>L\u00e1mpara de pie de hierro forjado de muy alta calidad y fina mano de obra. Sistema de iluminaci\u00f3n doble. Pantalla de rafia.<br \/>\nEspa\u00f1a, 1950.<\/p>\n<p>&nbsp;<\/p>\n<p><strong>Dimensiones<\/strong><\/p>\n<p><strong>cm<\/strong> Diam 45 x 170<\/p>\n<p><strong>inches<\/strong> Diam 17.72 x 66.93<\/p>\n","protected":false},"featured_media":28838,"template":"","meta":{"_editorskit_title_hidden":false,"_editorskit_reading_time":0,"_editorskit_is_block_options_detached":false,"_editorskit_block_options_position":"{}","inline_featured_image":false},"product_brand":[],"product_cat":[265,331],"product_tag":[],"class_list":{"0":"post-24223","1":"product","2":"type-product","3":"status-publish","4":"has-post-thumbnail","6":"product_cat-iluminacion","7":"product_cat-lamparas-de-pie","9":"first","10":"instock","11":"shipping-taxable","12":"purchasable","13":"product-type-simple"},"_links":{"self":[{"href":"https:\/\/www.finsdesiecles-artdeco.com\/es\/wp-json\/wp\/v2\/product\/24223","targetHints":{"allow":["GET"]}}],"collection":[{"href":"https:\/\/www.finsdesiecles-artdeco.com\/es\/wp-json\/wp\/v2\/product"}],"about":[{"href":"https:\/\/www.finsdesiecles-artdeco.com\/es\/wp-json\/wp\/v2\/types\/product"}],"wp:featuredmedia":[{"embeddable":true,"href":"https:\/\/www.finsdesiecles-artdeco.com\/es\/wp-json\/wp\/v2\/media\/28838"}],"wp:attachment":[{"href":"https:\/\/www.finsdesiecles-artdeco.com\/es\/wp-json\/wp\/v2\/media?parent=24223"}],"wp:term":[{"taxonomy":"product_brand","embeddable":true,"href":"https:\/\/www.finsdesiecles-artdeco.com\/es\/wp-json\/wp\/v2\/product_brand?post=24223"},{"taxonomy":"product_cat","embeddable":true,"href":"https:\/\/www.finsdesiecles-artdeco.com\/es\/wp-json\/wp\/v2\/product_cat?post=24223"},{"taxonomy":"product_tag","embeddable":true,"href":"https:\/\/www.finsdesiecles-artdeco.com\/es\/wp-json\/wp\/v2\/product_tag?post=24223"}],"curies":[{"name":"wp","href":"https:\/\/api.w.org\/{rel}","templated":true}]}}