{"id":25661,"date":"2023-09-30T11:54:01","date_gmt":"2023-09-30T12:07:15","guid":{"rendered":"https:\/\/www.finsdesiecles-artdeco.com\/?post_type=product&#038;p=25661"},"modified":"2023-09-30T12:08:08","modified_gmt":"2023-09-30T12:08:08","slug":"pareja-de-pequenas-banquetas-espana-1960","status":"publish","type":"product","link":"https:\/\/www.finsdesiecles-artdeco.com\/es\/product\/pareja-de-pequenas-banquetas-espana-1960\/","title":{"rendered":"Pareja de peque\u00f1as banquetas &#8211; Espa\u00f1a 1960"},"content":{"rendered":"<p>Pareja de peque\u00f1as banquetas &#8211; Espa\u00f1a 1960<\/p>\n<p><strong>Dimensiones<\/strong><\/p>\n<p><strong>cm<\/strong> 50 x 36 x 45<\/p>\n<p><strong>inches<\/strong> 19.68 x 14.17 x 17.72<\/p>\n","protected":false},"excerpt":{"rendered":"<p>Pareja de peque\u00f1as banquetas en haya maciza con acabado en goma laca dorada. Tapizadas de tela rizada marfil (espuma confort renovada). Etiqueta del fabricante \u00abJelm S.L\u00bb en Olot, Espa\u00f1a.<\/p>\n<p>Espa\u00f1a hacia 1960.<\/p>\n<p><strong>Dimensiones<\/strong><\/p>\n<p><strong>cm<\/strong> 50 x 36 x 45<\/p>\n<p><strong>inches<\/strong> 19.68 x 14.17 x 17.72<\/p>\n<p>&nbsp;<\/p>\n","protected":false},"featured_media":25633,"template":"","meta":{"_editorskit_title_hidden":false,"_editorskit_reading_time":0,"_editorskit_is_block_options_detached":false,"_editorskit_block_options_position":"{}","inline_featured_image":false},"product_brand":[],"product_cat":[286,252],"product_tag":[],"class_list":{"0":"post-25661","1":"product","2":"type-product","3":"status-publish","4":"has-post-thumbnail","6":"product_cat-banquetas1643813515","7":"product_cat-asientos1643813446","9":"first","10":"instock","11":"shipping-taxable","12":"purchasable","13":"product-type-simple"},"_links":{"self":[{"href":"https:\/\/www.finsdesiecles-artdeco.com\/es\/wp-json\/wp\/v2\/product\/25661","targetHints":{"allow":["GET"]}}],"collection":[{"href":"https:\/\/www.finsdesiecles-artdeco.com\/es\/wp-json\/wp\/v2\/product"}],"about":[{"href":"https:\/\/www.finsdesiecles-artdeco.com\/es\/wp-json\/wp\/v2\/types\/product"}],"wp:featuredmedia":[{"embeddable":true,"href":"https:\/\/www.finsdesiecles-artdeco.com\/es\/wp-json\/wp\/v2\/media\/25633"}],"wp:attachment":[{"href":"https:\/\/www.finsdesiecles-artdeco.com\/es\/wp-json\/wp\/v2\/media?parent=25661"}],"wp:term":[{"taxonomy":"product_brand","embeddable":true,"href":"https:\/\/www.finsdesiecles-artdeco.com\/es\/wp-json\/wp\/v2\/product_brand?post=25661"},{"taxonomy":"product_cat","embeddable":true,"href":"https:\/\/www.finsdesiecles-artdeco.com\/es\/wp-json\/wp\/v2\/product_cat?post=25661"},{"taxonomy":"product_tag","embeddable":true,"href":"https:\/\/www.finsdesiecles-artdeco.com\/es\/wp-json\/wp\/v2\/product_tag?post=25661"}],"curies":[{"name":"wp","href":"https:\/\/api.w.org\/{rel}","templated":true}]}}