{"id":25768,"date":"2023-10-02T14:18:36","date_gmt":"2023-10-02T14:30:46","guid":{"rendered":"https:\/\/www.finsdesiecles-artdeco.com\/?post_type=product&#038;p=25768"},"modified":"2023-10-02T14:30:47","modified_gmt":"2023-10-02T14:30:47","slug":"mesa-de-centro-dinamarca-1972","status":"publish","type":"product","link":"https:\/\/www.finsdesiecles-artdeco.com\/es\/product\/mesa-de-centro-dinamarca-1972\/","title":{"rendered":"Mesa de centro &#8211; Dinamarca 1972"},"content":{"rendered":"<p>Mesa de centro &#8211; Dinamarca 1972<\/p>\n<p><strong>Dimensiones<\/strong><\/p>\n<p><strong>cm<\/strong> 76 x 76 x 49<\/p>\n<p><strong>inches<\/strong> 29.92 x 29.92 x 19.29<\/p>\n","protected":false},"excerpt":{"rendered":"<p>Mesa de centro chapada de palisandro con 4 patas desmontables, sobre con marco de palisandro y 9 azulejos de cer\u00e1mica con decoraci\u00f3n geom\u00e9trica en tonos hueso y oliva. Acabado en goma laca satinada<\/p>\n<p>Fabricada por la firma Gangso.<\/p>\n<p>Dinamarca, con fecha de 12 de abril de 1972.<\/p>\n<p>&nbsp;<\/p>\n<p><strong>Dimensiones<\/strong><\/p>\n<p><strong>cm<\/strong> 76 x 76 x 49<\/p>\n<p><strong>inches<\/strong> 29.92 x 29.92 x 19.29<\/p>\n<p>&nbsp;<\/p>\n","protected":false},"featured_media":25751,"template":"","meta":{"_editorskit_title_hidden":false,"_editorskit_reading_time":0,"_editorskit_is_block_options_detached":false,"_editorskit_block_options_position":"{}","inline_featured_image":false},"product_brand":[],"product_cat":[292],"product_tag":[],"class_list":{"0":"post-25768","1":"product","2":"type-product","3":"status-publish","4":"has-post-thumbnail","6":"product_cat-centro","8":"first","9":"instock","10":"shipping-taxable","11":"purchasable","12":"product-type-simple"},"_links":{"self":[{"href":"https:\/\/www.finsdesiecles-artdeco.com\/es\/wp-json\/wp\/v2\/product\/25768","targetHints":{"allow":["GET"]}}],"collection":[{"href":"https:\/\/www.finsdesiecles-artdeco.com\/es\/wp-json\/wp\/v2\/product"}],"about":[{"href":"https:\/\/www.finsdesiecles-artdeco.com\/es\/wp-json\/wp\/v2\/types\/product"}],"wp:featuredmedia":[{"embeddable":true,"href":"https:\/\/www.finsdesiecles-artdeco.com\/es\/wp-json\/wp\/v2\/media\/25751"}],"wp:attachment":[{"href":"https:\/\/www.finsdesiecles-artdeco.com\/es\/wp-json\/wp\/v2\/media?parent=25768"}],"wp:term":[{"taxonomy":"product_brand","embeddable":true,"href":"https:\/\/www.finsdesiecles-artdeco.com\/es\/wp-json\/wp\/v2\/product_brand?post=25768"},{"taxonomy":"product_cat","embeddable":true,"href":"https:\/\/www.finsdesiecles-artdeco.com\/es\/wp-json\/wp\/v2\/product_cat?post=25768"},{"taxonomy":"product_tag","embeddable":true,"href":"https:\/\/www.finsdesiecles-artdeco.com\/es\/wp-json\/wp\/v2\/product_tag?post=25768"}],"curies":[{"name":"wp","href":"https:\/\/api.w.org\/{rel}","templated":true}]}}