{"id":26063,"date":"2023-10-15T15:19:52","date_gmt":"2023-10-15T16:35:35","guid":{"rendered":"https:\/\/www.finsdesiecles-artdeco.com\/?post_type=product&#038;p=26063"},"modified":"2023-10-15T16:35:35","modified_gmt":"2023-10-15T16:35:35","slug":"mesa-y-sillas-art-deco-de-de-coene-freres-belgica-1935","status":"publish","type":"product","link":"https:\/\/www.finsdesiecles-artdeco.com\/es\/product\/mesa-y-sillas-art-deco-de-de-coene-freres-belgica-1935\/","title":{"rendered":"Mesa y sillas Art Dec\u00f3 de De Coene Fr\u00e8res &#8211; B\u00e9lgica 1935"},"content":{"rendered":"<p>Mesa y sillas Art Dec\u00f3 de De Coene Fr\u00e8res &#8211; B\u00e9lgica 1935<\/p>\n<p>Dimensiones<\/p>\n<p><strong>1 \u2013 Mesa<\/strong><\/p>\n<p><strong>cm<\/strong>\u00a070 x 50 x 71<\/p>\n<p><strong>inches<\/strong>\u00a027.56 x 19.68 x 27.95<\/p>\n<p><strong>2 \u2013 Silla<\/strong><\/p>\n<p><strong>cm<\/strong> 43 x 47 x 81 \u2013 47 (asiento)<\/p>\n<p><strong>inches<\/strong> 16.93 x 18.50 x 31.89 \u2013 18.50 (asiento)<\/p>\n","protected":false},"excerpt":{"rendered":"<p>Mesa y dos sillas Art Dec\u00f3, lacadas en marfil satinado, tela Art-Deco de \u00e9poca, dise\u00f1adas y fabricadas por De Coene Fr\u00e8res.<\/p>\n<p>Courtrai, B\u00e9lgica hacia 1935.<\/p>\n<p>&nbsp;<\/p>\n<p>Dimensiones<\/p>\n<p><strong>1 \u2013 Mesa<\/strong><\/p>\n<p><strong>cm<\/strong>\u00a070 x 50 x 71<\/p>\n<p><strong>inches<\/strong>\u00a027.56 x 19.68 x 27.95<\/p>\n<p><strong>2 \u2013 Silla<\/strong><\/p>\n<p><strong>cm<\/strong> 43 x 47 x 81 \u2013 47 (asiento)<\/p>\n<p><strong>inches<\/strong> 16.93 x 18.50 x 31.89 \u2013 18.50 (asiento)<\/p>\n<p>&nbsp;<\/p>\n<p>&nbsp;<\/p>\n","protected":false},"featured_media":26022,"template":"","meta":{"_editorskit_title_hidden":false,"_editorskit_reading_time":0,"_editorskit_is_block_options_detached":false,"_editorskit_block_options_position":"{}","inline_featured_image":false},"product_brand":[],"product_cat":[259,280],"product_tag":[],"class_list":{"0":"post-26063","1":"product","2":"type-product","3":"status-publish","4":"has-post-thumbnail","6":"product_cat-auxiliares","7":"product_cat-sillas2","9":"first","10":"instock","11":"shipping-taxable","12":"purchasable","13":"product-type-simple"},"_links":{"self":[{"href":"https:\/\/www.finsdesiecles-artdeco.com\/es\/wp-json\/wp\/v2\/product\/26063","targetHints":{"allow":["GET"]}}],"collection":[{"href":"https:\/\/www.finsdesiecles-artdeco.com\/es\/wp-json\/wp\/v2\/product"}],"about":[{"href":"https:\/\/www.finsdesiecles-artdeco.com\/es\/wp-json\/wp\/v2\/types\/product"}],"wp:featuredmedia":[{"embeddable":true,"href":"https:\/\/www.finsdesiecles-artdeco.com\/es\/wp-json\/wp\/v2\/media\/26022"}],"wp:attachment":[{"href":"https:\/\/www.finsdesiecles-artdeco.com\/es\/wp-json\/wp\/v2\/media?parent=26063"}],"wp:term":[{"taxonomy":"product_brand","embeddable":true,"href":"https:\/\/www.finsdesiecles-artdeco.com\/es\/wp-json\/wp\/v2\/product_brand?post=26063"},{"taxonomy":"product_cat","embeddable":true,"href":"https:\/\/www.finsdesiecles-artdeco.com\/es\/wp-json\/wp\/v2\/product_cat?post=26063"},{"taxonomy":"product_tag","embeddable":true,"href":"https:\/\/www.finsdesiecles-artdeco.com\/es\/wp-json\/wp\/v2\/product_tag?post=26063"}],"curies":[{"name":"wp","href":"https:\/\/api.w.org\/{rel}","templated":true}]}}