{"id":26111,"date":"2023-10-16T14:06:05","date_gmt":"2023-10-16T14:23:51","guid":{"rendered":"https:\/\/www.finsdesiecles-artdeco.com\/?post_type=product&#038;p=26111"},"modified":"2023-10-16T14:23:51","modified_gmt":"2023-10-16T14:23:51","slug":"falsa-pareja-de-carritos-de-cesare-lacca-italia-1950","status":"publish","type":"product","link":"https:\/\/www.finsdesiecles-artdeco.com\/es\/product\/falsa-pareja-de-carritos-de-cesare-lacca-italia-1950\/","title":{"rendered":"Falsa pareja de carritos de Cesare Lacca &#8211; Italia 1950"},"content":{"rendered":"<p>Falsa pareja de carritos de Cesare Lacca &#8211; Italia 1950<\/p>\n<p><strong>Dimensiones<\/strong><\/p>\n<p><strong>cm<\/strong> 73 x 45 x 60\/71 (asa)<\/p>\n<p><strong>inches<\/strong> 28.74 x 17.72 x 23.62\/27.95 (asa)<\/p>\n","protected":false},"excerpt":{"rendered":"<p>Falsa pareja de carritos (uno con portabotellas) en lat\u00f3n pulido y haya te\u00f1ida y barnizada a mu\u00f1eca, con cristales originales. Dise\u00f1o: Cesare Lacca.<\/p>\n<p>Italia circa 1950<\/p>\n<p>&nbsp;<\/p>\n<p><strong>Dimensiones<\/strong><\/p>\n<p><strong>cm<\/strong> 73 x 45 x 60\/71 (asa)<\/p>\n<p><strong>inches<\/strong> 28.74 x 17.72 x 23.62\/27.95 (asa)<\/p>\n","protected":false},"featured_media":26073,"template":"","meta":{"_editorskit_title_hidden":false,"_editorskit_reading_time":0,"_editorskit_is_block_options_detached":false,"_editorskit_block_options_position":"{}","inline_featured_image":false},"product_brand":[],"product_cat":[322],"product_tag":[],"class_list":{"0":"post-26111","1":"product","2":"type-product","3":"status-publish","4":"has-post-thumbnail","6":"product_cat-carritos","8":"first","9":"instock","10":"shipping-taxable","11":"purchasable","12":"product-type-simple"},"_links":{"self":[{"href":"https:\/\/www.finsdesiecles-artdeco.com\/es\/wp-json\/wp\/v2\/product\/26111","targetHints":{"allow":["GET"]}}],"collection":[{"href":"https:\/\/www.finsdesiecles-artdeco.com\/es\/wp-json\/wp\/v2\/product"}],"about":[{"href":"https:\/\/www.finsdesiecles-artdeco.com\/es\/wp-json\/wp\/v2\/types\/product"}],"wp:featuredmedia":[{"embeddable":true,"href":"https:\/\/www.finsdesiecles-artdeco.com\/es\/wp-json\/wp\/v2\/media\/26073"}],"wp:attachment":[{"href":"https:\/\/www.finsdesiecles-artdeco.com\/es\/wp-json\/wp\/v2\/media?parent=26111"}],"wp:term":[{"taxonomy":"product_brand","embeddable":true,"href":"https:\/\/www.finsdesiecles-artdeco.com\/es\/wp-json\/wp\/v2\/product_brand?post=26111"},{"taxonomy":"product_cat","embeddable":true,"href":"https:\/\/www.finsdesiecles-artdeco.com\/es\/wp-json\/wp\/v2\/product_cat?post=26111"},{"taxonomy":"product_tag","embeddable":true,"href":"https:\/\/www.finsdesiecles-artdeco.com\/es\/wp-json\/wp\/v2\/product_tag?post=26111"}],"curies":[{"name":"wp","href":"https:\/\/api.w.org\/{rel}","templated":true}]}}