{"id":26589,"date":"2023-11-09T12:47:50","date_gmt":"2023-11-09T14:17:21","guid":{"rendered":"https:\/\/www.finsdesiecles-artdeco.com\/?post_type=product&#038;p=26589"},"modified":"2023-11-09T14:17:22","modified_gmt":"2023-11-09T14:17:22","slug":"aparador-de-dos-puertas-francia-1940-2","status":"publish","type":"product","link":"https:\/\/www.finsdesiecles-artdeco.com\/es\/product\/aparador-de-dos-puertas-francia-1940-2\/","title":{"rendered":"Aparador de dos puertas &#8211; Francia 1940"},"content":{"rendered":"<p>Aparador de dos puertas &#8211; Francia 1940<\/p>\n<p><strong>Dimensiones<\/strong><\/p>\n<p><strong>cm<\/strong>\u00a0154 x 48 x 91\/93<\/p>\n<p><strong>inches<\/strong>\u00a060.63 x 18.90 x 35.83\/36.61<\/p>\n","protected":false},"excerpt":{"rendered":"<p>Aparador de dos puertas en caoba maciza con chapado de palisandro de R\u00edo en toda la superficie y chapado de arce con marqueter\u00eda de madera oscura en las puertas. Marcos de las puertas y parte superior de la base en arce macizo. Varillas decorativas de aluminio pulido. Estantes interiores chapados en caoba y marqueter\u00eda. Llaves y bocallaves de lat\u00f3n niquelado. Barnizado a mu\u00f1eca.<\/p>\n<p>Francia, hacia 1940<\/p>\n<p>&nbsp;<\/p>\n<p><strong>Dimensiones<\/strong><\/p>\n<p><strong>cm<\/strong>\u00a0154 x 48 x 91\/93<\/p>\n<p><strong>inches<\/strong>\u00a060.63 x 18.90 x 35.83\/36.61<\/p>\n<p>&nbsp;<\/p>\n<p>&nbsp;<\/p>\n","protected":false},"featured_media":26560,"template":"","meta":{"_editorskit_title_hidden":false,"_editorskit_reading_time":0,"_editorskit_is_block_options_detached":false,"_editorskit_block_options_position":"{}","inline_featured_image":false},"product_brand":[],"product_cat":[412,274],"product_tag":[],"class_list":{"0":"post-26589","1":"product","2":"type-product","3":"status-publish","4":"has-post-thumbnail","6":"product_cat-almacenaje","7":"product_cat-aparadores","9":"first","10":"outofstock","11":"shipping-taxable","12":"product-type-simple"},"_links":{"self":[{"href":"https:\/\/www.finsdesiecles-artdeco.com\/es\/wp-json\/wp\/v2\/product\/26589","targetHints":{"allow":["GET"]}}],"collection":[{"href":"https:\/\/www.finsdesiecles-artdeco.com\/es\/wp-json\/wp\/v2\/product"}],"about":[{"href":"https:\/\/www.finsdesiecles-artdeco.com\/es\/wp-json\/wp\/v2\/types\/product"}],"wp:featuredmedia":[{"embeddable":true,"href":"https:\/\/www.finsdesiecles-artdeco.com\/es\/wp-json\/wp\/v2\/media\/26560"}],"wp:attachment":[{"href":"https:\/\/www.finsdesiecles-artdeco.com\/es\/wp-json\/wp\/v2\/media?parent=26589"}],"wp:term":[{"taxonomy":"product_brand","embeddable":true,"href":"https:\/\/www.finsdesiecles-artdeco.com\/es\/wp-json\/wp\/v2\/product_brand?post=26589"},{"taxonomy":"product_cat","embeddable":true,"href":"https:\/\/www.finsdesiecles-artdeco.com\/es\/wp-json\/wp\/v2\/product_cat?post=26589"},{"taxonomy":"product_tag","embeddable":true,"href":"https:\/\/www.finsdesiecles-artdeco.com\/es\/wp-json\/wp\/v2\/product_tag?post=26589"}],"curies":[{"name":"wp","href":"https:\/\/api.w.org\/{rel}","templated":true}]}}