{"id":27516,"date":"2024-01-25T11:48:44","date_gmt":"2024-01-25T12:23:32","guid":{"rendered":"https:\/\/www.finsdesiecles-artdeco.com\/?post_type=product&#038;p=27516"},"modified":"2024-01-26T10:30:32","modified_gmt":"2024-01-26T10:30:32","slug":"comoda-art-deco-italia-1930","status":"publish","type":"product","link":"https:\/\/www.finsdesiecles-artdeco.com\/es\/product\/comoda-art-deco-italia-1930\/","title":{"rendered":"C\u00f3moda Art Dec\u00f3 &#8211; Italia 1930"},"content":{"rendered":"<p>C\u00f3moda Art Dec\u00f3 &#8211; Italia 1930<\/p>\n<p><strong>Dimensiones<\/strong><\/p>\n<p><strong>cm<\/strong>\u00a0147 x 54,5 x 88,5<\/p>\n<p><strong>inches<\/strong>\u00a057.87 x 21.46 x 34.84<\/p>\n","protected":false},"excerpt":{"rendered":"<p>Espectacular gran c\u00f3moda Art Dec\u00f3 en madera chapada de palisandro para el cuerpo y la base, y caoba moteada para los frentes de los cajones (de roble macizo) y el pie. Barnizada a mu\u00f1eca. Tiradores y decoraci\u00f3n de la base de lat\u00f3n pulido.<\/p>\n<p>Italia, hacia 1930<\/p>\n<p>&nbsp;<\/p>\n<p><strong>Dimensiones<\/strong><\/p>\n<p><strong>cm<\/strong>\u00a0147 x 54,5 x 88,5<\/p>\n<p><strong>inches<\/strong>\u00a057.87 x 21.46 x 34.84<\/p>\n","protected":false},"featured_media":27484,"template":"","meta":{"_editorskit_title_hidden":false,"_editorskit_reading_time":0,"_editorskit_is_block_options_detached":false,"_editorskit_block_options_position":"{}","inline_featured_image":false},"product_brand":[],"product_cat":[412,307],"product_tag":[],"class_list":{"0":"post-27516","1":"product","2":"type-product","3":"status-publish","4":"has-post-thumbnail","6":"product_cat-almacenaje","7":"product_cat-comodas-almacenaje","9":"first","10":"outofstock","11":"shipping-taxable","12":"product-type-simple"},"_links":{"self":[{"href":"https:\/\/www.finsdesiecles-artdeco.com\/es\/wp-json\/wp\/v2\/product\/27516","targetHints":{"allow":["GET"]}}],"collection":[{"href":"https:\/\/www.finsdesiecles-artdeco.com\/es\/wp-json\/wp\/v2\/product"}],"about":[{"href":"https:\/\/www.finsdesiecles-artdeco.com\/es\/wp-json\/wp\/v2\/types\/product"}],"wp:featuredmedia":[{"embeddable":true,"href":"https:\/\/www.finsdesiecles-artdeco.com\/es\/wp-json\/wp\/v2\/media\/27484"}],"wp:attachment":[{"href":"https:\/\/www.finsdesiecles-artdeco.com\/es\/wp-json\/wp\/v2\/media?parent=27516"}],"wp:term":[{"taxonomy":"product_brand","embeddable":true,"href":"https:\/\/www.finsdesiecles-artdeco.com\/es\/wp-json\/wp\/v2\/product_brand?post=27516"},{"taxonomy":"product_cat","embeddable":true,"href":"https:\/\/www.finsdesiecles-artdeco.com\/es\/wp-json\/wp\/v2\/product_cat?post=27516"},{"taxonomy":"product_tag","embeddable":true,"href":"https:\/\/www.finsdesiecles-artdeco.com\/es\/wp-json\/wp\/v2\/product_tag?post=27516"}],"curies":[{"name":"wp","href":"https:\/\/api.w.org\/{rel}","templated":true}]}}