{"id":27767,"date":"2024-02-01T17:19:11","date_gmt":"2024-02-01T17:36:09","guid":{"rendered":"https:\/\/www.finsdesiecles-artdeco.com\/?post_type=product&#038;p=27767"},"modified":"2024-02-01T17:36:09","modified_gmt":"2024-02-01T17:36:09","slug":"pareja-de-descalzadoras-italia-1940-2","status":"publish","type":"product","link":"https:\/\/www.finsdesiecles-artdeco.com\/es\/product\/pareja-de-descalzadoras-italia-1940-2\/","title":{"rendered":"Pareja de descalzadoras &#8211; Italia 1940"},"content":{"rendered":"<p>Pareja de descalzadoras &#8211; Italia 1940<\/p>\n<p><strong>Dimensiones\u00a0<\/strong><\/p>\n<p><strong>cm<\/strong> 56 x 60 x 79 \/ 43 (asiento)<\/p>\n<p><strong>inches<\/strong> 22.05 x 23.62 x 31.10 \/ 16.93 (asiento)<\/p>\n","protected":false},"excerpt":{"rendered":"<p>Pareja de sillones con estructura de madera, rellenos y tapicer\u00eda completamente nueva en terciopelo amarillo lim\u00f3n. Patas de roble te\u00f1ido oscuro.<\/p>\n<p>Italia circa 1940<\/p>\n<p>&nbsp;<\/p>\n<p><strong>Dimensiones\u00a0<\/strong><\/p>\n<p><strong>cm<\/strong> 56 x 60 x 79 \/ 43 (asiento)<\/p>\n<p><strong>inches<\/strong> 22.05 x 23.62 x 31.10 \/ 16.93 (asiento)<\/p>\n","protected":false},"featured_media":27747,"template":"","meta":{"_editorskit_title_hidden":false,"_editorskit_reading_time":0,"_editorskit_is_block_options_detached":false,"_editorskit_block_options_position":"{}","inline_featured_image":false},"product_brand":[],"product_cat":[441,252],"product_tag":[],"class_list":{"0":"post-27767","1":"product","2":"type-product","3":"status-publish","4":"has-post-thumbnail","6":"product_cat-descalzadoras","7":"product_cat-asientos1643813446","9":"first","10":"instock","11":"shipping-taxable","12":"purchasable","13":"product-type-simple"},"_links":{"self":[{"href":"https:\/\/www.finsdesiecles-artdeco.com\/es\/wp-json\/wp\/v2\/product\/27767","targetHints":{"allow":["GET"]}}],"collection":[{"href":"https:\/\/www.finsdesiecles-artdeco.com\/es\/wp-json\/wp\/v2\/product"}],"about":[{"href":"https:\/\/www.finsdesiecles-artdeco.com\/es\/wp-json\/wp\/v2\/types\/product"}],"wp:featuredmedia":[{"embeddable":true,"href":"https:\/\/www.finsdesiecles-artdeco.com\/es\/wp-json\/wp\/v2\/media\/27747"}],"wp:attachment":[{"href":"https:\/\/www.finsdesiecles-artdeco.com\/es\/wp-json\/wp\/v2\/media?parent=27767"}],"wp:term":[{"taxonomy":"product_brand","embeddable":true,"href":"https:\/\/www.finsdesiecles-artdeco.com\/es\/wp-json\/wp\/v2\/product_brand?post=27767"},{"taxonomy":"product_cat","embeddable":true,"href":"https:\/\/www.finsdesiecles-artdeco.com\/es\/wp-json\/wp\/v2\/product_cat?post=27767"},{"taxonomy":"product_tag","embeddable":true,"href":"https:\/\/www.finsdesiecles-artdeco.com\/es\/wp-json\/wp\/v2\/product_tag?post=27767"}],"curies":[{"name":"wp","href":"https:\/\/api.w.org\/{rel}","templated":true}]}}