{"id":2808,"date":"2013-05-27T18:18:16","date_gmt":"2013-05-27T18:18:16","guid":{"rendered":"https:\/\/www.finsdesiecles-artdeco.com\/?product=estanteria-vitrina"},"modified":"2022-08-18T11:05:38","modified_gmt":"2022-08-18T11:05:38","slug":"estanteria-vitrina-de-centro","status":"publish","type":"product","link":"https:\/\/www.finsdesiecles-artdeco.com\/es\/product\/estanteria-vitrina-de-centro\/","title":{"rendered":"Estanter\u00eda &#8211; vitrina de centro"},"content":{"rendered":"<p>Estanter\u00eda &#8211; vitrina de centro<\/p>\n<hr \/>\n<p><b>Dimensiones<\/b><\/p>\n<ul>\n<li><b>cm:<\/b> 122 x 37 x 163<\/li>\n<li><b>inches:<\/b> 48.03 x 14.57 x 64.17<\/li>\n<\/ul>\n","protected":false},"excerpt":{"rendered":"<p>Excepcional estanter\u00eda &#8211; vitrina de centro de caoba maciza y chapada, puerta de vidrio abatible con 2 estantes de vidrio, decoraci\u00f3n de chapados y frisos que esconden el sistema de iluminaci\u00f3n interior, patas de lat\u00f3n.<\/p>\n<p>Italia c. 1950<\/p>\n<p><b>Dimensiones<\/b><\/p>\n<ul>\n<li><b>cm:<\/b> 122 x 37 x 163<\/li>\n<li><b>inches:<\/b> 48.03 x 14.57 x 64.17<\/li>\n<\/ul>\n","protected":false},"featured_media":8833,"template":"","meta":{"_editorskit_title_hidden":false,"_editorskit_reading_time":0,"_editorskit_is_block_options_detached":false,"_editorskit_block_options_position":"{}","inline_featured_image":false},"product_brand":[],"product_cat":[277,445,451],"product_tag":[],"class_list":{"0":"post-2808","1":"product","2":"type-product","3":"status-publish","4":"has-post-thumbnail","6":"product_cat-auxiliares1643813499","7":"product_cat-estantes","8":"product_cat-vitrinas","10":"first","11":"instock","12":"purchasable","13":"product-type-simple"},"_links":{"self":[{"href":"https:\/\/www.finsdesiecles-artdeco.com\/es\/wp-json\/wp\/v2\/product\/2808","targetHints":{"allow":["GET"]}}],"collection":[{"href":"https:\/\/www.finsdesiecles-artdeco.com\/es\/wp-json\/wp\/v2\/product"}],"about":[{"href":"https:\/\/www.finsdesiecles-artdeco.com\/es\/wp-json\/wp\/v2\/types\/product"}],"wp:featuredmedia":[{"embeddable":true,"href":"https:\/\/www.finsdesiecles-artdeco.com\/es\/wp-json\/wp\/v2\/media\/8833"}],"wp:attachment":[{"href":"https:\/\/www.finsdesiecles-artdeco.com\/es\/wp-json\/wp\/v2\/media?parent=2808"}],"wp:term":[{"taxonomy":"product_brand","embeddable":true,"href":"https:\/\/www.finsdesiecles-artdeco.com\/es\/wp-json\/wp\/v2\/product_brand?post=2808"},{"taxonomy":"product_cat","embeddable":true,"href":"https:\/\/www.finsdesiecles-artdeco.com\/es\/wp-json\/wp\/v2\/product_cat?post=2808"},{"taxonomy":"product_tag","embeddable":true,"href":"https:\/\/www.finsdesiecles-artdeco.com\/es\/wp-json\/wp\/v2\/product_tag?post=2808"}],"curies":[{"name":"wp","href":"https:\/\/api.w.org\/{rel}","templated":true}]}}