{"id":28483,"date":"2024-03-13T17:24:39","date_gmt":"2024-03-13T17:33:40","guid":{"rendered":"https:\/\/www.finsdesiecles-artdeco.com\/?post_type=product&#038;p=28483"},"modified":"2024-03-13T17:33:40","modified_gmt":"2024-03-13T17:33:40","slug":"paraguero-art-deco-belgica-1930","status":"publish","type":"product","link":"https:\/\/www.finsdesiecles-artdeco.com\/es\/product\/paraguero-art-deco-belgica-1930\/","title":{"rendered":"Parag\u00fcero Art Dec\u00f3 &#8211; B\u00e9lgica 1930"},"content":{"rendered":"<p>Parag\u00fcero Art Dec\u00f3 &#8211; B\u00e9lgica 1930<\/p>\n<p><strong>Dimensiones<\/strong><\/p>\n<p><strong>cm<\/strong>\u00a055 x 20 x 49<\/p>\n<p><strong>inches<\/strong>\u00a021.65 x 7.87 x 19.29<\/p>\n","protected":false},"excerpt":{"rendered":"<p>Parag\u00fcero Art Dec\u00f3 de metal cromado y baquelita. Manufactura de muy buena calidad.<\/p>\n<p>B\u00e9lgica circa 1930<\/p>\n<p>&nbsp;<\/p>\n<p><strong>Dimensiones<\/strong><\/p>\n<p><strong>cm<\/strong>\u00a055 x 20 x 49<\/p>\n<p><strong>inches<\/strong>\u00a021.65 x 7.87 x 19.29<\/p>\n","protected":false},"featured_media":28460,"template":"","meta":{"_editorskit_title_hidden":false,"_editorskit_reading_time":0,"_editorskit_is_block_options_detached":false,"_editorskit_block_options_position":"{}","inline_featured_image":false},"product_brand":[],"product_cat":[685],"product_tag":[],"class_list":{"0":"post-28483","1":"product","2":"type-product","3":"status-publish","4":"has-post-thumbnail","6":"product_cat-variados","8":"first","9":"instock","10":"shipping-taxable","11":"purchasable","12":"product-type-simple"},"_links":{"self":[{"href":"https:\/\/www.finsdesiecles-artdeco.com\/es\/wp-json\/wp\/v2\/product\/28483","targetHints":{"allow":["GET"]}}],"collection":[{"href":"https:\/\/www.finsdesiecles-artdeco.com\/es\/wp-json\/wp\/v2\/product"}],"about":[{"href":"https:\/\/www.finsdesiecles-artdeco.com\/es\/wp-json\/wp\/v2\/types\/product"}],"wp:featuredmedia":[{"embeddable":true,"href":"https:\/\/www.finsdesiecles-artdeco.com\/es\/wp-json\/wp\/v2\/media\/28460"}],"wp:attachment":[{"href":"https:\/\/www.finsdesiecles-artdeco.com\/es\/wp-json\/wp\/v2\/media?parent=28483"}],"wp:term":[{"taxonomy":"product_brand","embeddable":true,"href":"https:\/\/www.finsdesiecles-artdeco.com\/es\/wp-json\/wp\/v2\/product_brand?post=28483"},{"taxonomy":"product_cat","embeddable":true,"href":"https:\/\/www.finsdesiecles-artdeco.com\/es\/wp-json\/wp\/v2\/product_cat?post=28483"},{"taxonomy":"product_tag","embeddable":true,"href":"https:\/\/www.finsdesiecles-artdeco.com\/es\/wp-json\/wp\/v2\/product_tag?post=28483"}],"curies":[{"name":"wp","href":"https:\/\/api.w.org\/{rel}","templated":true}]}}