{"id":28541,"date":"2024-03-13T18:17:01","date_gmt":"2024-03-13T18:28:32","guid":{"rendered":"https:\/\/www.finsdesiecles-artdeco.com\/?post_type=product&#038;p=28541"},"modified":"2024-03-13T18:28:32","modified_gmt":"2024-03-13T18:28:32","slug":"centro-de-mesa-o-espejo-art-deco-francia-1930","status":"publish","type":"product","link":"https:\/\/www.finsdesiecles-artdeco.com\/es\/product\/centro-de-mesa-o-espejo-art-deco-francia-1930\/","title":{"rendered":"Centro de mesa o espejo Art dec\u00f3 &#8211; Francia 1930"},"content":{"rendered":"<p>Centro de mesa o espejo Art dec\u00f3 &#8211; Francia 1930<\/p>\n<p><strong>Dimensiones<\/strong><\/p>\n<p><strong>cm<\/strong>\u00a061,5 x 51 x 4,5<\/p>\n<p><strong>inches<\/strong>\u00a024.21 x 20.08 x 1.77<\/p>\n","protected":false},"excerpt":{"rendered":"<p>Centro de mesa o espejo Art dec\u00f3 ovalado con marco chapado en nogal y \u00e9bano de Macassar, barnizado a mu\u00f1eca y elementos decorativos de metal cromado.<\/p>\n<p>Francia hacia 1930<\/p>\n<p>&nbsp;<\/p>\n<p><strong>Dimensiones<\/strong><\/p>\n<p><strong>cm<\/strong>\u00a061,5 x 51 x 4,5<\/p>\n<p><strong>inches<\/strong>\u00a024.21 x 20.08 x 1.77<\/p>\n<p>&nbsp;<\/p>\n","protected":false},"featured_media":28527,"template":"","meta":{"_editorskit_title_hidden":false,"_editorskit_reading_time":0,"_editorskit_is_block_options_detached":false,"_editorskit_block_options_position":"{}","inline_featured_image":false},"product_brand":[],"product_cat":[455,465,343,268],"product_tag":[],"class_list":{"0":"post-28541","1":"product","2":"type-product","3":"status-publish","4":"has-post-thumbnail","6":"product_cat-espejos-de-pared","7":"product_cat-objetos-decorativos","8":"product_cat-espejos1643813618","9":"product_cat-objetos-y-adornos","11":"first","12":"instock","13":"shipping-taxable","14":"purchasable","15":"product-type-simple"},"_links":{"self":[{"href":"https:\/\/www.finsdesiecles-artdeco.com\/es\/wp-json\/wp\/v2\/product\/28541","targetHints":{"allow":["GET"]}}],"collection":[{"href":"https:\/\/www.finsdesiecles-artdeco.com\/es\/wp-json\/wp\/v2\/product"}],"about":[{"href":"https:\/\/www.finsdesiecles-artdeco.com\/es\/wp-json\/wp\/v2\/types\/product"}],"wp:featuredmedia":[{"embeddable":true,"href":"https:\/\/www.finsdesiecles-artdeco.com\/es\/wp-json\/wp\/v2\/media\/28527"}],"wp:attachment":[{"href":"https:\/\/www.finsdesiecles-artdeco.com\/es\/wp-json\/wp\/v2\/media?parent=28541"}],"wp:term":[{"taxonomy":"product_brand","embeddable":true,"href":"https:\/\/www.finsdesiecles-artdeco.com\/es\/wp-json\/wp\/v2\/product_brand?post=28541"},{"taxonomy":"product_cat","embeddable":true,"href":"https:\/\/www.finsdesiecles-artdeco.com\/es\/wp-json\/wp\/v2\/product_cat?post=28541"},{"taxonomy":"product_tag","embeddable":true,"href":"https:\/\/www.finsdesiecles-artdeco.com\/es\/wp-json\/wp\/v2\/product_tag?post=28541"}],"curies":[{"name":"wp","href":"https:\/\/api.w.org\/{rel}","templated":true}]}}