{"id":28635,"date":"2024-03-23T13:02:10","date_gmt":"2024-03-23T13:15:54","guid":{"rendered":"https:\/\/www.finsdesiecles-artdeco.com\/?post_type=product&#038;p=28635"},"modified":"2024-03-23T13:15:55","modified_gmt":"2024-03-23T13:15:55","slug":"panel-decorativo-art-deco-de-rosenau-francia-1920-30","status":"publish","type":"product","link":"https:\/\/www.finsdesiecles-artdeco.com\/es\/product\/panel-decorativo-art-deco-de-rosenau-francia-1920-30\/","title":{"rendered":"Panel decorativo Art Dec\u00f3 de Rosenau &#8211; Francia 1920-30"},"content":{"rendered":"<p>Panel decorativo Art Dec\u00f3 de Rosenau &#8211; Francia 1920-30<\/p>\n<p><strong>Dimensiones<\/strong><\/p>\n<p><strong>cm<\/strong>\u00a0153,5 x 3,5 x 76,5<\/p>\n<p><strong>inches<\/strong>\u00a060.43 x 1.38 x 30.12<\/p>\n","protected":false},"excerpt":{"rendered":"<p>Panel decorativo Art Dec\u00f3 en madera chapada con diferentes tipos de maderas, representando un paisaje lacustre de monta\u00f1a. Barnizado a mu\u00f1eca.<\/p>\n<p>Firmado Pierre Rosenau abajo a la derecha.<\/p>\n<p>Francia hacia 1920-30<\/p>\n<p>&nbsp;<\/p>\n<p><strong>Dimensiones<\/strong><\/p>\n<p><strong>cm<\/strong>\u00a0153,5 x 3,5 x 76,5<\/p>\n<p><strong>inches<\/strong>\u00a060.43 x 1.38 x 30.12<\/p>\n","protected":false},"featured_media":28616,"template":"","meta":{"_editorskit_title_hidden":false,"_editorskit_reading_time":0,"_editorskit_is_block_options_detached":false,"_editorskit_block_options_position":"{}","inline_featured_image":false},"product_brand":[],"product_cat":[465,268],"product_tag":[],"class_list":{"0":"post-28635","1":"product","2":"type-product","3":"status-publish","4":"has-post-thumbnail","6":"product_cat-objetos-decorativos","7":"product_cat-objetos-y-adornos","9":"first","10":"instock","11":"shipping-taxable","12":"purchasable","13":"product-type-simple"},"_links":{"self":[{"href":"https:\/\/www.finsdesiecles-artdeco.com\/es\/wp-json\/wp\/v2\/product\/28635","targetHints":{"allow":["GET"]}}],"collection":[{"href":"https:\/\/www.finsdesiecles-artdeco.com\/es\/wp-json\/wp\/v2\/product"}],"about":[{"href":"https:\/\/www.finsdesiecles-artdeco.com\/es\/wp-json\/wp\/v2\/types\/product"}],"wp:featuredmedia":[{"embeddable":true,"href":"https:\/\/www.finsdesiecles-artdeco.com\/es\/wp-json\/wp\/v2\/media\/28616"}],"wp:attachment":[{"href":"https:\/\/www.finsdesiecles-artdeco.com\/es\/wp-json\/wp\/v2\/media?parent=28635"}],"wp:term":[{"taxonomy":"product_brand","embeddable":true,"href":"https:\/\/www.finsdesiecles-artdeco.com\/es\/wp-json\/wp\/v2\/product_brand?post=28635"},{"taxonomy":"product_cat","embeddable":true,"href":"https:\/\/www.finsdesiecles-artdeco.com\/es\/wp-json\/wp\/v2\/product_cat?post=28635"},{"taxonomy":"product_tag","embeddable":true,"href":"https:\/\/www.finsdesiecles-artdeco.com\/es\/wp-json\/wp\/v2\/product_tag?post=28635"}],"curies":[{"name":"wp","href":"https:\/\/api.w.org\/{rel}","templated":true}]}}