{"id":29051,"date":"2024-04-24T18:39:37","date_gmt":"2024-04-24T19:06:27","guid":{"rendered":"https:\/\/www.finsdesiecles-artdeco.com\/?post_type=product&#038;p=29051"},"modified":"2024-04-24T19:06:27","modified_gmt":"2024-04-24T19:06:27","slug":"banco-cofre-art-deco-francia-1930","status":"publish","type":"product","link":"https:\/\/www.finsdesiecles-artdeco.com\/es\/product\/banco-cofre-art-deco-francia-1930\/","title":{"rendered":"Banco-cofre Art Dec\u00f3 &#8211; Francia 1930"},"content":{"rendered":"<p>Banco-cofre Art Dec\u00f3 &#8211; Francia 1930<\/p>\n<p><strong>Dimensiones<\/strong><\/p>\n<p><strong>cm<\/strong> 48 x 36,5 x 62\/52 (asiento)<\/p>\n<p><strong>inches<\/strong> 18.90 x 14.37 x 24.40\/20.47 (asiento)<\/p>\n","protected":false},"excerpt":{"rendered":"<p>Peque\u00f1o banco-cofre Art Dec\u00f3 en roble macizo te\u00f1ido de negro, acabado de goma &#8211; laca satinada. Tapicer\u00eda rehecha en lana de \u00e9poca.<\/p>\n<p>Francia circa 1930<\/p>\n<p>&nbsp;<\/p>\n<p><strong>Dimensiones<\/strong><\/p>\n<p><strong>cm<\/strong> 48 x 36,5 x 62\/52 (asiento)<\/p>\n<p><strong>inches<\/strong> 18.90 x 14.37 x 24.40\/20.47 (asiento)<\/p>\n","protected":false},"featured_media":29029,"template":"","meta":{"_editorskit_title_hidden":false,"_editorskit_reading_time":0,"_editorskit_is_block_options_detached":false,"_editorskit_block_options_position":"{}","inline_featured_image":false},"product_brand":[],"product_cat":[252,286],"product_tag":[],"class_list":{"0":"post-29051","1":"product","2":"type-product","3":"status-publish","4":"has-post-thumbnail","6":"product_cat-asientos1643813446","7":"product_cat-banquetas1643813515","9":"first","10":"instock","11":"shipping-taxable","12":"purchasable","13":"product-type-simple"},"_links":{"self":[{"href":"https:\/\/www.finsdesiecles-artdeco.com\/es\/wp-json\/wp\/v2\/product\/29051","targetHints":{"allow":["GET"]}}],"collection":[{"href":"https:\/\/www.finsdesiecles-artdeco.com\/es\/wp-json\/wp\/v2\/product"}],"about":[{"href":"https:\/\/www.finsdesiecles-artdeco.com\/es\/wp-json\/wp\/v2\/types\/product"}],"wp:featuredmedia":[{"embeddable":true,"href":"https:\/\/www.finsdesiecles-artdeco.com\/es\/wp-json\/wp\/v2\/media\/29029"}],"wp:attachment":[{"href":"https:\/\/www.finsdesiecles-artdeco.com\/es\/wp-json\/wp\/v2\/media?parent=29051"}],"wp:term":[{"taxonomy":"product_brand","embeddable":true,"href":"https:\/\/www.finsdesiecles-artdeco.com\/es\/wp-json\/wp\/v2\/product_brand?post=29051"},{"taxonomy":"product_cat","embeddable":true,"href":"https:\/\/www.finsdesiecles-artdeco.com\/es\/wp-json\/wp\/v2\/product_cat?post=29051"},{"taxonomy":"product_tag","embeddable":true,"href":"https:\/\/www.finsdesiecles-artdeco.com\/es\/wp-json\/wp\/v2\/product_tag?post=29051"}],"curies":[{"name":"wp","href":"https:\/\/api.w.org\/{rel}","templated":true}]}}