{"id":30362,"date":"2024-07-18T12:07:49","date_gmt":"2024-07-18T12:22:59","guid":{"rendered":"https:\/\/www.finsdesiecles-artdeco.com\/?post_type=product&#038;p=30362"},"modified":"2024-07-18T12:23:00","modified_gmt":"2024-07-18T12:23:00","slug":"lampara-de-mesa-muy-original-espana-1960","status":"publish","type":"product","link":"https:\/\/www.finsdesiecles-artdeco.com\/es\/product\/lampara-de-mesa-muy-original-espana-1960\/","title":{"rendered":"L\u00e1mpara de mesa muy original &#8211; Espa\u00f1a 1960"},"content":{"rendered":"<p>L\u00e1mpara de mesa muy original &#8211; Espa\u00f1a 1960<\/p>\n<p><strong>Dimensiones\u00a0<\/strong><\/p>\n<p><strong>cm<\/strong>\u00a023 x 23 x 57<\/p>\n<p><strong>inches<\/strong>\u00a09.05 x 9.05 x 22.44<\/p>\n","protected":false},"excerpt":{"rendered":"<p>L\u00e1mpara de mesa muy original realizada totalmente en aluminio y fundici\u00f3n de aluminio, esmalte rojo \u00abchino\u00bb original (defectos), cord\u00f3n utilizado como interruptor.<\/p>\n<p>Espa\u00f1a circa 1960<\/p>\n<p>&nbsp;<\/p>\n<p><strong>Dimensiones\u00a0<\/strong><\/p>\n<p><strong>cm<\/strong>\u00a023 x 23 x 57<\/p>\n<p><strong>inches<\/strong>\u00a09.05 x 9.05 x 22.44<\/p>\n","protected":false},"featured_media":30345,"template":"","meta":{"_editorskit_title_hidden":false,"_editorskit_reading_time":0,"_editorskit_is_block_options_detached":false,"_editorskit_block_options_position":"{}","inline_featured_image":false},"product_brand":[],"product_cat":[334,265],"product_tag":[],"class_list":{"0":"post-30362","1":"product","2":"type-product","3":"status-publish","4":"has-post-thumbnail","6":"product_cat-lamparas-de-mesa","7":"product_cat-iluminacion","9":"first","10":"instock","11":"shipping-taxable","12":"purchasable","13":"product-type-simple"},"_links":{"self":[{"href":"https:\/\/www.finsdesiecles-artdeco.com\/es\/wp-json\/wp\/v2\/product\/30362","targetHints":{"allow":["GET"]}}],"collection":[{"href":"https:\/\/www.finsdesiecles-artdeco.com\/es\/wp-json\/wp\/v2\/product"}],"about":[{"href":"https:\/\/www.finsdesiecles-artdeco.com\/es\/wp-json\/wp\/v2\/types\/product"}],"wp:featuredmedia":[{"embeddable":true,"href":"https:\/\/www.finsdesiecles-artdeco.com\/es\/wp-json\/wp\/v2\/media\/30345"}],"wp:attachment":[{"href":"https:\/\/www.finsdesiecles-artdeco.com\/es\/wp-json\/wp\/v2\/media?parent=30362"}],"wp:term":[{"taxonomy":"product_brand","embeddable":true,"href":"https:\/\/www.finsdesiecles-artdeco.com\/es\/wp-json\/wp\/v2\/product_brand?post=30362"},{"taxonomy":"product_cat","embeddable":true,"href":"https:\/\/www.finsdesiecles-artdeco.com\/es\/wp-json\/wp\/v2\/product_cat?post=30362"},{"taxonomy":"product_tag","embeddable":true,"href":"https:\/\/www.finsdesiecles-artdeco.com\/es\/wp-json\/wp\/v2\/product_tag?post=30362"}],"curies":[{"name":"wp","href":"https:\/\/api.w.org\/{rel}","templated":true}]}}