{"id":30385,"date":"2024-07-18T14:20:56","date_gmt":"2024-07-18T14:30:48","guid":{"rendered":"https:\/\/www.finsdesiecles-artdeco.com\/?post_type=product&#038;p=30385"},"modified":"2024-07-18T14:30:48","modified_gmt":"2024-07-18T14:30:48","slug":"lampara-de-techo-de-laton-italia-1940-50","status":"publish","type":"product","link":"https:\/\/www.finsdesiecles-artdeco.com\/es\/product\/lampara-de-techo-de-laton-italia-1940-50\/","title":{"rendered":"L\u00e1mpara de techo de lat\u00f3n &#8211; Italia 1940-50"},"content":{"rendered":"<p>L\u00e1mpara de techo de lat\u00f3n &#8211; Italia 1940-50<\/p>\n<p><strong>Dimensiones<\/strong><\/p>\n<p><strong>cm<\/strong>\u00a092 x 20 x 120<\/p>\n<p><strong>inches<\/strong>\u00a036.22 x 7.87 x 47.24<\/p>\n","protected":false},"excerpt":{"rendered":"<p>L\u00e1mpara de techo con estructura de lat\u00f3n pulido y 10 puntos de luz. Difusores curvos desmontables de vidrio arenado.<\/p>\n<p>Italia circa 1940-50<\/p>\n<p>&nbsp;<\/p>\n<p><strong>Dimensiones<\/strong><\/p>\n<p><strong>cm<\/strong>\u00a092 x 20 x 120<\/p>\n<p><strong>inches<\/strong>\u00a036.22 x 7.87 x 47.24<\/p>\n","protected":false},"featured_media":30368,"template":"","meta":{"_editorskit_title_hidden":false,"_editorskit_reading_time":0,"_editorskit_is_block_options_detached":false,"_editorskit_block_options_position":"{}","inline_featured_image":false},"product_brand":[],"product_cat":[328,265],"product_tag":[],"class_list":{"0":"post-30385","1":"product","2":"type-product","3":"status-publish","4":"has-post-thumbnail","6":"product_cat-lamparas-de-techo","7":"product_cat-iluminacion","9":"first","10":"instock","11":"shipping-taxable","12":"purchasable","13":"product-type-simple"},"_links":{"self":[{"href":"https:\/\/www.finsdesiecles-artdeco.com\/es\/wp-json\/wp\/v2\/product\/30385","targetHints":{"allow":["GET"]}}],"collection":[{"href":"https:\/\/www.finsdesiecles-artdeco.com\/es\/wp-json\/wp\/v2\/product"}],"about":[{"href":"https:\/\/www.finsdesiecles-artdeco.com\/es\/wp-json\/wp\/v2\/types\/product"}],"wp:featuredmedia":[{"embeddable":true,"href":"https:\/\/www.finsdesiecles-artdeco.com\/es\/wp-json\/wp\/v2\/media\/30368"}],"wp:attachment":[{"href":"https:\/\/www.finsdesiecles-artdeco.com\/es\/wp-json\/wp\/v2\/media?parent=30385"}],"wp:term":[{"taxonomy":"product_brand","embeddable":true,"href":"https:\/\/www.finsdesiecles-artdeco.com\/es\/wp-json\/wp\/v2\/product_brand?post=30385"},{"taxonomy":"product_cat","embeddable":true,"href":"https:\/\/www.finsdesiecles-artdeco.com\/es\/wp-json\/wp\/v2\/product_cat?post=30385"},{"taxonomy":"product_tag","embeddable":true,"href":"https:\/\/www.finsdesiecles-artdeco.com\/es\/wp-json\/wp\/v2\/product_tag?post=30385"}],"curies":[{"name":"wp","href":"https:\/\/api.w.org\/{rel}","templated":true}]}}