{"id":3096,"date":"2014-03-27T13:50:45","date_gmt":"2014-03-27T13:50:45","guid":{"rendered":"https:\/\/www.finsdesiecles-artdeco.com\/?product=sillas"},"modified":"2023-03-03T12:21:08","modified_gmt":"2023-03-03T12:21:08","slug":"serie-de-6-sillas","status":"publish","type":"product","link":"https:\/\/www.finsdesiecles-artdeco.com\/es\/product\/serie-de-6-sillas\/","title":{"rendered":"Conjunto de seis sillas de De Coene &#8211; B\u00e9lgica 1940"},"content":{"rendered":"<p><strong>De Coene Fr\u00e8res<\/strong> (Cortrique \u2013B\u00e9lgica)<\/p>\n<p>Joseph Fran\u00e7ois De Coene (1875-1950) fue un empresario de Cortrique que hizo una contribuci\u00f3n considerable a las artes y a los oficios flamencos. Era el hijo mayor del tapicero Adolphe De Coene y Coralie Tavernier, una pintora de Gante. En 1905 su hermano Adolphe y sus cu\u00f1ados Arthur Deleu y Marcel Brunein se unieron al negocio, al que llamaron &#8216;De Coene Fr\u00e8res&#8217;. En este per\u00edodo inicial, se inspiraron en Henry Van de Velde y el movimiento Arts and Crafts.<\/p>\n<p>La destrucci\u00f3n de la Primera Guerra Mundial result\u00f3 en una gran demanda de ebanister\u00eda y carpinter\u00eda. De Coene Fr\u00e8res aprovech\u00f3 r\u00e1pidamente esta oportunidad. La ambici\u00f3n de Joseph De Coene le llev\u00f3 m\u00e1s all\u00e1: en 1921 se fue con De Win a los Estados Unidos. De regreso a casa, desarroll\u00f3 una producci\u00f3n en serie de muebles en madera laminada y particip\u00f3 en exposiciones internacionales: Mil\u00e1n, Par\u00eds, Roubaix, Bruselas. Los innovadores muebles de sus talleres recibieron varios premios y medallas. Despu\u00e9s de algunos a\u00f1os, la empresa cambi\u00f3 su nombre a &#8216;Kortrijkse Kunstwerkstede Gebroeders De Coene&#8217;. Justo antes de la Segunda Guerra Mundial empleaban a casi 3.000 hombres y el &#8216;Kunstwerkstede&#8217; estaba en la cima de la producci\u00f3n europea de muebles de madera.<\/p>\n<p>De Coene era un excelente relaciones p\u00fablicas. De 1922 a 1940 abri\u00f3 las puertas de su casa para sus &#8216;Mesas de los lunes&#8217; semanales. Entre los invitados habituales se encontraban Stijn Streuvels, Willem Putman, Albert Saverys, Herman Teirlinck, August Vermeylen, Jef van Hoof y Henry van de Velde. Este \u00faltimo fue como un padre espiritual para el &#8216;Kunstwerkstede&#8217; y frecuentaba regularmente su f\u00e1brica. De Coene tambi\u00e9n recibi\u00f3 a dise\u00f1adores internacionales como Marcel Breuer, Harry Bertoia, Mies van der Rohe o Eero Saarinen.<\/p>\n<p>&nbsp;<\/p>\n<p>&nbsp;<\/p>\n","protected":false},"excerpt":{"rendered":"<p>Conjunto de 6 sillas de haya tintada y barnizada, tapicer\u00eda de tela blanca jaspeada.<\/p>\n<p>Dise\u00f1o: De Coene<\/p>\n<p>Courtrai, B\u00e9lgica c. 1940<\/p>\n<p><b>Dimensiones<\/b><\/p>\n<ul>\n<li><b>cm:<\/b> 46 x 50 x 81 Asiento 50<\/li>\n<li><b>inches:<\/b> 18.11 x 19.69 x 31.89 Asiento 19.69<\/li>\n<\/ul>\n","protected":false},"featured_media":9437,"template":"","meta":{"_editorskit_title_hidden":false,"_editorskit_reading_time":0,"_editorskit_is_block_options_detached":false,"_editorskit_block_options_position":"{}","inline_featured_image":false},"product_brand":[],"product_cat":[252,280],"product_tag":[],"class_list":{"0":"post-3096","1":"product","2":"type-product","3":"status-publish","4":"has-post-thumbnail","6":"product_cat-asientos1643813446","7":"product_cat-sillas2","9":"first","10":"instock","11":"purchasable","12":"product-type-simple"},"_links":{"self":[{"href":"https:\/\/www.finsdesiecles-artdeco.com\/es\/wp-json\/wp\/v2\/product\/3096","targetHints":{"allow":["GET"]}}],"collection":[{"href":"https:\/\/www.finsdesiecles-artdeco.com\/es\/wp-json\/wp\/v2\/product"}],"about":[{"href":"https:\/\/www.finsdesiecles-artdeco.com\/es\/wp-json\/wp\/v2\/types\/product"}],"wp:featuredmedia":[{"embeddable":true,"href":"https:\/\/www.finsdesiecles-artdeco.com\/es\/wp-json\/wp\/v2\/media\/9437"}],"wp:attachment":[{"href":"https:\/\/www.finsdesiecles-artdeco.com\/es\/wp-json\/wp\/v2\/media?parent=3096"}],"wp:term":[{"taxonomy":"product_brand","embeddable":true,"href":"https:\/\/www.finsdesiecles-artdeco.com\/es\/wp-json\/wp\/v2\/product_brand?post=3096"},{"taxonomy":"product_cat","embeddable":true,"href":"https:\/\/www.finsdesiecles-artdeco.com\/es\/wp-json\/wp\/v2\/product_cat?post=3096"},{"taxonomy":"product_tag","embeddable":true,"href":"https:\/\/www.finsdesiecles-artdeco.com\/es\/wp-json\/wp\/v2\/product_tag?post=3096"}],"curies":[{"name":"wp","href":"https:\/\/api.w.org\/{rel}","templated":true}]}}