{"id":31097,"date":"2024-08-27T14:03:07","date_gmt":"2024-08-27T14:21:56","guid":{"rendered":"https:\/\/www.finsdesiecles-artdeco.com\/?post_type=product&#038;p=31097"},"modified":"2024-08-27T14:21:56","modified_gmt":"2024-08-27T14:21:56","slug":"pareja-de-sillones-de-piedra-tallada-espana-1880-1900","status":"publish","type":"product","link":"https:\/\/www.finsdesiecles-artdeco.com\/es\/product\/pareja-de-sillones-de-piedra-tallada-espana-1880-1900\/","title":{"rendered":"Pareja de sillones de piedra tallada &#8211; Espa\u00f1a 1880-1900"},"content":{"rendered":"<p>Pareja de sillones de piedra tallada &#8211; Espa\u00f1a 1880-1900<\/p>\n<p><strong>Dimensiones\u00a0<\/strong><\/p>\n<p><strong>cm<\/strong> 68 x 54 x 105\/46 (asiento)<\/p>\n<p><strong>inches<\/strong> 26.77 x 21.26 x 41.34\/18.11 (asiento)<\/p>\n","protected":false},"excerpt":{"rendered":"<p>Pareja de peque\u00f1os sillones de piedra tallada, decoraci\u00f3n vegetal, magn\u00edfico trabajo muy fino, piezas muy pesadas (+- 150 kg cada una)<\/p>\n<p>Espa\u00f1a circa 1880-1900<\/p>\n<p>&nbsp;<\/p>\n<p><strong>Dimensiones\u00a0<\/strong><\/p>\n<p><strong>cm<\/strong> 68 x 54 x 105\/46 (asiento)<\/p>\n<p><strong>inches<\/strong> 26.77 x 21.26 x 41.34\/18.11 (asiento)<\/p>\n","protected":false},"featured_media":31075,"template":"","meta":{"_editorskit_title_hidden":false,"_editorskit_reading_time":0,"_editorskit_is_block_options_detached":false,"_editorskit_block_options_position":"{}","inline_featured_image":false},"product_brand":[],"product_cat":[252,253],"product_tag":[],"class_list":{"0":"post-31097","1":"product","2":"type-product","3":"status-publish","4":"has-post-thumbnail","6":"product_cat-asientos1643813446","7":"product_cat-sillones2","9":"first","10":"outofstock","11":"shipping-taxable","12":"product-type-simple"},"_links":{"self":[{"href":"https:\/\/www.finsdesiecles-artdeco.com\/es\/wp-json\/wp\/v2\/product\/31097","targetHints":{"allow":["GET"]}}],"collection":[{"href":"https:\/\/www.finsdesiecles-artdeco.com\/es\/wp-json\/wp\/v2\/product"}],"about":[{"href":"https:\/\/www.finsdesiecles-artdeco.com\/es\/wp-json\/wp\/v2\/types\/product"}],"wp:featuredmedia":[{"embeddable":true,"href":"https:\/\/www.finsdesiecles-artdeco.com\/es\/wp-json\/wp\/v2\/media\/31075"}],"wp:attachment":[{"href":"https:\/\/www.finsdesiecles-artdeco.com\/es\/wp-json\/wp\/v2\/media?parent=31097"}],"wp:term":[{"taxonomy":"product_brand","embeddable":true,"href":"https:\/\/www.finsdesiecles-artdeco.com\/es\/wp-json\/wp\/v2\/product_brand?post=31097"},{"taxonomy":"product_cat","embeddable":true,"href":"https:\/\/www.finsdesiecles-artdeco.com\/es\/wp-json\/wp\/v2\/product_cat?post=31097"},{"taxonomy":"product_tag","embeddable":true,"href":"https:\/\/www.finsdesiecles-artdeco.com\/es\/wp-json\/wp\/v2\/product_tag?post=31097"}],"curies":[{"name":"wp","href":"https:\/\/api.w.org\/{rel}","templated":true}]}}