{"id":31474,"date":"2024-09-29T15:23:12","date_gmt":"2024-09-29T15:53:01","guid":{"rendered":"https:\/\/www.finsdesiecles-artdeco.com\/?post_type=product&#038;p=31474"},"modified":"2024-09-29T15:53:01","modified_gmt":"2024-09-29T15:53:01","slug":"encantadora-pequena-comoda-espana-1960","status":"publish","type":"product","link":"https:\/\/www.finsdesiecles-artdeco.com\/es\/product\/encantadora-pequena-comoda-espana-1960\/","title":{"rendered":"Encantadora peque\u00f1a c\u00f3moda &#8211; Espa\u00f1a 1960"},"content":{"rendered":"<p>Encantadora peque\u00f1a c\u00f3moda &#8211; Espa\u00f1a 1960<\/p>\n<p><strong>Dimensiones\u00a0<\/strong><\/p>\n<p><strong>cm<\/strong> 81\/87 (con patas) x 43\/45 (con pomos) x 70\/80 (con patas)<\/p>\n<p><strong>inches<\/strong> 31.89\/34.25 (con patas) x 16.93\/17.72 (con pomos) x 27.56\/31.50 (con patas)<\/p>\n","protected":false},"excerpt":{"rendered":"<p>Divertida y peque\u00f1a c\u00f3moda, con chapado de sapelli te\u00f1ido oscuro para el cuerpo y un poco m\u00e1s claro para los cajones. Barnizada a mu\u00f1eca. Pomos de lat\u00f3n pulido.<\/p>\n<p>Espa\u00f1a, hacia 1960<\/p>\n<p>&nbsp;<\/p>\n<p><strong>Dimensiones\u00a0<\/strong><\/p>\n<p><strong>cm<\/strong> 81\/87 (con patas) x 43\/45 (con pomos) x 70\/80 (con patas)<\/p>\n<p><strong>inches<\/strong> 31.89\/34.25 (con patas) x 16.93\/17.72 (con pomos) x 27.56\/31.50 (con patas)<\/p>\n<p>&nbsp;<\/p>\n<p>&nbsp;<\/p>\n","protected":false},"featured_media":31487,"template":"","meta":{"_editorskit_title_hidden":false,"_editorskit_reading_time":0,"_editorskit_is_block_options_detached":false,"_editorskit_block_options_position":"{}","inline_featured_image":false},"product_brand":[],"product_cat":[412,307],"product_tag":[],"class_list":{"0":"post-31474","1":"product","2":"type-product","3":"status-publish","4":"has-post-thumbnail","6":"product_cat-almacenaje","7":"product_cat-comodas-almacenaje","9":"first","10":"instock","11":"shipping-taxable","12":"purchasable","13":"product-type-simple"},"_links":{"self":[{"href":"https:\/\/www.finsdesiecles-artdeco.com\/es\/wp-json\/wp\/v2\/product\/31474","targetHints":{"allow":["GET"]}}],"collection":[{"href":"https:\/\/www.finsdesiecles-artdeco.com\/es\/wp-json\/wp\/v2\/product"}],"about":[{"href":"https:\/\/www.finsdesiecles-artdeco.com\/es\/wp-json\/wp\/v2\/types\/product"}],"wp:featuredmedia":[{"embeddable":true,"href":"https:\/\/www.finsdesiecles-artdeco.com\/es\/wp-json\/wp\/v2\/media\/31487"}],"wp:attachment":[{"href":"https:\/\/www.finsdesiecles-artdeco.com\/es\/wp-json\/wp\/v2\/media?parent=31474"}],"wp:term":[{"taxonomy":"product_brand","embeddable":true,"href":"https:\/\/www.finsdesiecles-artdeco.com\/es\/wp-json\/wp\/v2\/product_brand?post=31474"},{"taxonomy":"product_cat","embeddable":true,"href":"https:\/\/www.finsdesiecles-artdeco.com\/es\/wp-json\/wp\/v2\/product_cat?post=31474"},{"taxonomy":"product_tag","embeddable":true,"href":"https:\/\/www.finsdesiecles-artdeco.com\/es\/wp-json\/wp\/v2\/product_tag?post=31474"}],"curies":[{"name":"wp","href":"https:\/\/api.w.org\/{rel}","templated":true}]}}