{"id":3152,"date":"2015-01-02T17:29:40","date_gmt":"2015-01-02T17:29:40","guid":{"rendered":"https:\/\/www.finsdesiecles-artdeco.com\/?product=plafon"},"modified":"2022-10-28T16:24:35","modified_gmt":"2022-10-28T16:24:35","slug":"plafon-belga-de-los-anos-40","status":"publish","type":"product","link":"https:\/\/www.finsdesiecles-artdeco.com\/es\/product\/plafon-belga-de-los-anos-40\/","title":{"rendered":"Plaf\u00f3n belga de los a\u00f1os 40"},"content":{"rendered":"<p>Plaf\u00f3n belga de los a\u00f1os 40<\/p>\n<hr \/>\n<p><b>Dimensiones<\/b><\/p>\n<ul>\n<li><b>cm:<\/b> 232 x 196 x 57<\/li>\n<li><b>inches:<\/b> 91.34 x 77.17 x 22.44<\/li>\n<\/ul>\n","protected":false},"excerpt":{"rendered":"<p>Majestuoso plaf\u00f3n de madera estucada en bronce y vidrio esmerilado suspendido por 4 tubos de lat\u00f3n,\u00a0 proveniente de un banco de Amberes. Cableado nuevo.<\/p>\n<p>B\u00e9lgica c. 1940<\/p>\n<p><b>Dimensiones<\/b><\/p>\n<ul>\n<li><b>cm:<\/b> 232 x 196 x 57<\/li>\n<li><b>inches:<\/b> 91.34 x 77.17 x 22.44<\/li>\n<\/ul>\n","protected":false},"featured_media":9113,"template":"","meta":{"_editorskit_title_hidden":false,"_editorskit_reading_time":0,"_editorskit_is_block_options_detached":false,"_editorskit_block_options_position":"{}","inline_featured_image":false},"product_brand":[],"product_cat":[265,328],"product_tag":[],"class_list":{"0":"post-3152","1":"product","2":"type-product","3":"status-publish","4":"has-post-thumbnail","6":"product_cat-iluminacion","7":"product_cat-lamparas-de-techo","9":"first","10":"instock","11":"purchasable","12":"product-type-simple"},"_links":{"self":[{"href":"https:\/\/www.finsdesiecles-artdeco.com\/es\/wp-json\/wp\/v2\/product\/3152","targetHints":{"allow":["GET"]}}],"collection":[{"href":"https:\/\/www.finsdesiecles-artdeco.com\/es\/wp-json\/wp\/v2\/product"}],"about":[{"href":"https:\/\/www.finsdesiecles-artdeco.com\/es\/wp-json\/wp\/v2\/types\/product"}],"wp:featuredmedia":[{"embeddable":true,"href":"https:\/\/www.finsdesiecles-artdeco.com\/es\/wp-json\/wp\/v2\/media\/9113"}],"wp:attachment":[{"href":"https:\/\/www.finsdesiecles-artdeco.com\/es\/wp-json\/wp\/v2\/media?parent=3152"}],"wp:term":[{"taxonomy":"product_brand","embeddable":true,"href":"https:\/\/www.finsdesiecles-artdeco.com\/es\/wp-json\/wp\/v2\/product_brand?post=3152"},{"taxonomy":"product_cat","embeddable":true,"href":"https:\/\/www.finsdesiecles-artdeco.com\/es\/wp-json\/wp\/v2\/product_cat?post=3152"},{"taxonomy":"product_tag","embeddable":true,"href":"https:\/\/www.finsdesiecles-artdeco.com\/es\/wp-json\/wp\/v2\/product_tag?post=3152"}],"curies":[{"name":"wp","href":"https:\/\/api.w.org\/{rel}","templated":true}]}}