{"id":31667,"date":"2024-10-08T09:53:29","date_gmt":"2024-10-08T10:16:09","guid":{"rendered":"https:\/\/www.finsdesiecles-artdeco.com\/?post_type=product&#038;p=31667"},"modified":"2024-10-16T07:47:38","modified_gmt":"2024-10-16T07:47:38","slug":"set-de-4-linternas-francia-1980","status":"publish","type":"product","link":"https:\/\/www.finsdesiecles-artdeco.com\/es\/product\/set-de-4-linternas-francia-1980\/","title":{"rendered":"Set de 4 linternas &#8211; Francia 1980"},"content":{"rendered":"<p>Set de 4 linternas &#8211; Francia 1980<\/p>\n<p><strong>Dimensiones<\/strong><\/p>\n<p><strong>cm<\/strong> Diam 13 x 40 (linterna)<\/p>\n<p><strong>inches<\/strong> Diam 5.12 x 15.75 (linterna)<\/p>\n","protected":false},"excerpt":{"rendered":"<p>Set de 4 linternas con armaz\u00f3n de acero, pantallas de Rodoid naranja con decoraci\u00f3n cin\u00e9tica.<\/p>\n<p>Francia 1980<\/p>\n<p>&nbsp;<\/p>\n<p><strong>Dimensiones<\/strong><\/p>\n<p><strong>cm<\/strong> Diam 13 x 40 (linterna)<\/p>\n<p><strong>inches<\/strong> Diam 5.12 x 15.75 (linterna)<\/p>\n","protected":false},"featured_media":31650,"template":"","meta":{"_editorskit_title_hidden":false,"_editorskit_reading_time":0,"_editorskit_is_block_options_detached":false,"_editorskit_block_options_position":"{}","inline_featured_image":false},"product_brand":[],"product_cat":[328,265],"product_tag":[],"class_list":{"0":"post-31667","1":"product","2":"type-product","3":"status-publish","4":"has-post-thumbnail","6":"product_cat-lamparas-de-techo","7":"product_cat-iluminacion","9":"first","10":"instock","11":"shipping-taxable","12":"purchasable","13":"product-type-simple"},"_links":{"self":[{"href":"https:\/\/www.finsdesiecles-artdeco.com\/es\/wp-json\/wp\/v2\/product\/31667","targetHints":{"allow":["GET"]}}],"collection":[{"href":"https:\/\/www.finsdesiecles-artdeco.com\/es\/wp-json\/wp\/v2\/product"}],"about":[{"href":"https:\/\/www.finsdesiecles-artdeco.com\/es\/wp-json\/wp\/v2\/types\/product"}],"wp:featuredmedia":[{"embeddable":true,"href":"https:\/\/www.finsdesiecles-artdeco.com\/es\/wp-json\/wp\/v2\/media\/31650"}],"wp:attachment":[{"href":"https:\/\/www.finsdesiecles-artdeco.com\/es\/wp-json\/wp\/v2\/media?parent=31667"}],"wp:term":[{"taxonomy":"product_brand","embeddable":true,"href":"https:\/\/www.finsdesiecles-artdeco.com\/es\/wp-json\/wp\/v2\/product_brand?post=31667"},{"taxonomy":"product_cat","embeddable":true,"href":"https:\/\/www.finsdesiecles-artdeco.com\/es\/wp-json\/wp\/v2\/product_cat?post=31667"},{"taxonomy":"product_tag","embeddable":true,"href":"https:\/\/www.finsdesiecles-artdeco.com\/es\/wp-json\/wp\/v2\/product_tag?post=31667"}],"curies":[{"name":"wp","href":"https:\/\/api.w.org\/{rel}","templated":true}]}}