{"id":31712,"date":"2024-10-08T13:06:17","date_gmt":"2024-10-08T13:27:08","guid":{"rendered":"https:\/\/www.finsdesiecles-artdeco.com\/?post_type=product&#038;p=31712"},"modified":"2024-10-08T13:27:08","modified_gmt":"2024-10-08T13:27:08","slug":"gran-gallo-art-deco-de-jacques-adnet-francia-1932","status":"publish","type":"product","link":"https:\/\/www.finsdesiecles-artdeco.com\/es\/product\/gran-gallo-art-deco-de-jacques-adnet-francia-1932\/","title":{"rendered":"Gran gallo Art Dec\u00f3 de Jacques Adnet &#8211; Francia 1932"},"content":{"rendered":"<p>Jacques Adnet fue un dise\u00f1ador, arquitecto e interiorista franc\u00e9s del Art Dec\u00f3. De 1928 a 1960 dirigi\u00f3 La Compagnie des Arts Fran\u00e7ais. Su equipo de decoradores inclu\u00eda a Francois Jourdain, Charlotte Perriand y Georges Jouve. Adnet presidi\u00f3 el Salon des Artistes Decorateurs de 1947 a 1949. Durante la d\u00e9cada de 1950 cre\u00f3 muebles y se concentr\u00f3 en los numerosos encargos que recibi\u00f3, como la decoraci\u00f3n de los apartamentos privados del Presidente en el Palacio del El\u00edseo o la sala de reuniones de la sede de la UNESCO en Par\u00eds. En 1959 fue nombrado director de la \u00c9cole Nationale Sup\u00e9rieure des Arts D\u00e9coratifs de Par\u00eds hasta 1970.<\/p>\n","protected":false},"excerpt":{"rendered":"<p>Gran modelo Art Dec\u00f3 de un gallo, loza esmaltada y craquelada.<br \/>\nFrancia, hacia 1932<\/p>\n<p>Dise\u00f1o: Jacques Adnet (1900-1984)<\/p>\n<p>&nbsp;<\/p>\n<p><strong>Dimensiones<\/strong><\/p>\n<p><strong>cm<\/strong>\u00a024 x 12 x 34<\/p>\n<p><strong>inches<\/strong>\u00a09.45 x 4.72 x 13.39<\/p>\n","protected":false},"featured_media":31674,"template":"","meta":{"_editorskit_title_hidden":false,"_editorskit_reading_time":0,"_editorskit_is_block_options_detached":false,"_editorskit_block_options_position":"{}","inline_featured_image":false},"product_brand":[],"product_cat":[463,268],"product_tag":[],"class_list":{"0":"post-31712","1":"product","2":"type-product","3":"status-publish","4":"has-post-thumbnail","6":"product_cat-ceramicas","7":"product_cat-objetos-y-adornos","9":"first","10":"instock","11":"shipping-taxable","12":"purchasable","13":"product-type-simple"},"_links":{"self":[{"href":"https:\/\/www.finsdesiecles-artdeco.com\/es\/wp-json\/wp\/v2\/product\/31712","targetHints":{"allow":["GET"]}}],"collection":[{"href":"https:\/\/www.finsdesiecles-artdeco.com\/es\/wp-json\/wp\/v2\/product"}],"about":[{"href":"https:\/\/www.finsdesiecles-artdeco.com\/es\/wp-json\/wp\/v2\/types\/product"}],"wp:featuredmedia":[{"embeddable":true,"href":"https:\/\/www.finsdesiecles-artdeco.com\/es\/wp-json\/wp\/v2\/media\/31674"}],"wp:attachment":[{"href":"https:\/\/www.finsdesiecles-artdeco.com\/es\/wp-json\/wp\/v2\/media?parent=31712"}],"wp:term":[{"taxonomy":"product_brand","embeddable":true,"href":"https:\/\/www.finsdesiecles-artdeco.com\/es\/wp-json\/wp\/v2\/product_brand?post=31712"},{"taxonomy":"product_cat","embeddable":true,"href":"https:\/\/www.finsdesiecles-artdeco.com\/es\/wp-json\/wp\/v2\/product_cat?post=31712"},{"taxonomy":"product_tag","embeddable":true,"href":"https:\/\/www.finsdesiecles-artdeco.com\/es\/wp-json\/wp\/v2\/product_tag?post=31712"}],"curies":[{"name":"wp","href":"https:\/\/api.w.org\/{rel}","templated":true}]}}