{"id":31796,"date":"2022-08-10T10:40:40","date_gmt":"2024-10-15T11:43:32","guid":{"rendered":"https:\/\/www.finsdesiecles-artdeco.com\/?post_type=product&#038;p=31796"},"modified":"2024-10-15T13:46:00","modified_gmt":"2024-10-15T13:46:00","slug":"grandes-lamparas-de-pie-espana-1940-2","status":"publish","type":"product","link":"https:\/\/www.finsdesiecles-artdeco.com\/es\/product\/grandes-lamparas-de-pie-espana-1940-2\/","title":{"rendered":"Grandes l\u00e1mparas de pie &#8211; Espa\u00f1a 1940"},"content":{"rendered":"<p>Pareja de grandes l\u00e1mparas de pie &#8211; Espa\u00f1a, 1940<\/p>\n<p>&nbsp;<\/p>\n<p><strong>Dimensiones<\/strong><\/p>\n<p><strong>cm<\/strong>\u00a0Diam 71 x 175<br \/>\n<strong>inches<\/strong>\u00a0Diam 27.95 x 68.9<\/p>\n<p>&nbsp;<\/p>\n","protected":false},"excerpt":{"rendered":"<p>Pareja de grandes l\u00e1mparas de pie de nogal macizo, te\u00f1idas y barnizadas a la goma laca, tirantes de madera dorada, doble sistema de iluminaci\u00f3n, pantallas rehechas en rafia sobre el marco original.<\/p>\n<p>Espa\u00f1a, Barcelona hacia 1940<\/p>\n<p>&nbsp;<\/p>\n<p><strong>cm<\/strong>\u00a0Diam 71 x 175<br \/>\n<strong>inches<\/strong>\u00a0Diam 27.95 x 68.9<\/p>\n","protected":false},"featured_media":12432,"template":"","meta":{"_editorskit_title_hidden":false,"_editorskit_reading_time":0,"_editorskit_is_block_options_detached":false,"_editorskit_block_options_position":"{}","inline_featured_image":false},"product_brand":[],"product_cat":[265,331],"product_tag":[662],"class_list":{"0":"post-31796","1":"product","2":"type-product","3":"status-publish","4":"has-post-thumbnail","6":"product_cat-iluminacion","7":"product_cat-lamparas-de-pie","8":"product_tag-standing-lamps-es","10":"first","11":"instock","12":"shipping-taxable","13":"purchasable","14":"product-type-simple"},"_links":{"self":[{"href":"https:\/\/www.finsdesiecles-artdeco.com\/es\/wp-json\/wp\/v2\/product\/31796","targetHints":{"allow":["GET"]}}],"collection":[{"href":"https:\/\/www.finsdesiecles-artdeco.com\/es\/wp-json\/wp\/v2\/product"}],"about":[{"href":"https:\/\/www.finsdesiecles-artdeco.com\/es\/wp-json\/wp\/v2\/types\/product"}],"wp:featuredmedia":[{"embeddable":true,"href":"https:\/\/www.finsdesiecles-artdeco.com\/es\/wp-json\/wp\/v2\/media\/12432"}],"wp:attachment":[{"href":"https:\/\/www.finsdesiecles-artdeco.com\/es\/wp-json\/wp\/v2\/media?parent=31796"}],"wp:term":[{"taxonomy":"product_brand","embeddable":true,"href":"https:\/\/www.finsdesiecles-artdeco.com\/es\/wp-json\/wp\/v2\/product_brand?post=31796"},{"taxonomy":"product_cat","embeddable":true,"href":"https:\/\/www.finsdesiecles-artdeco.com\/es\/wp-json\/wp\/v2\/product_cat?post=31796"},{"taxonomy":"product_tag","embeddable":true,"href":"https:\/\/www.finsdesiecles-artdeco.com\/es\/wp-json\/wp\/v2\/product_tag?post=31796"}],"curies":[{"name":"wp","href":"https:\/\/api.w.org\/{rel}","templated":true}]}}