{"id":32239,"date":"2022-09-03T09:47:22","date_gmt":"2024-10-15T12:15:21","guid":{"rendered":"https:\/\/www.finsdesiecles-artdeco.com\/?post_type=product&#038;p=32239"},"modified":"2024-10-15T12:17:00","modified_gmt":"2024-10-15T12:17:00","slug":"lampara-de-techo-cyclone-de-gaetano-sciolari","status":"publish","type":"product","link":"https:\/\/www.finsdesiecles-artdeco.com\/es\/product\/lampara-de-techo-cyclone-de-gaetano-sciolari\/","title":{"rendered":"L\u00e1mpara de techo Cyclone de Gaetano Sciolari"},"content":{"rendered":"<p><strong>Gaetano Sciolari<\/strong> (Italia, 1927-1994)<\/p>\n<p>Tras formarse inicialmente como director de cine y licenciarse en arquitectura, Gaetano Sciolari asumi\u00f3 la direcci\u00f3n de la empresa familiar en Roma, Sciolari Illuminazione, cuando su padre muri\u00f3 en 1949. La marca empez\u00f3 a vender l\u00e1mparas en Europa y Estados Unidos. Durante la d\u00e9cada de 1950, Gaetano dise\u00f1\u00f3, para la marca de iluminaci\u00f3n italiana Stilnovo, sus piezas m\u00e1s famosas: l\u00e1mparas de ara\u00f1a lujosas, futuristas y de m\u00faltiples luces que crean interesantes efectos \u00f3pticos y combinan metales brillantes y satinados como el lat\u00f3n y el metal cromado. Estos dise\u00f1os se hicieron cada vez m\u00e1s populares en los Estados Unidos durante la d\u00e9cada de 1970, un per\u00edodo en el que el estilo de Sciolari adquiri\u00f3 una est\u00e9tica inspirada en el <em>art dec\u00f3<\/em> y la Era Espacial. Sciolari fue el fundador y presidente de la asociaci\u00f3n de fabricantes italianos de sistemas de iluminaci\u00f3n, y sus piezas coleccionables, entre las que destacan las series Habitat, Cultura y Futura, est\u00e1n ahora muy buscadas.<\/p>\n<p>&nbsp;<\/p>\n<p>&nbsp;<\/p>\n<p>&nbsp;<\/p>\n","protected":false},"excerpt":{"rendered":"<p>L\u00e1mpara de techo en aluminio pulido y plexigl\u00e1s (metacrilato). Dos puntos de luz.<br \/>\nModelo: Cyclone de Gaetano Sciolari.<\/p>\n<p>Italia c. 1970<\/p>\n<p>&nbsp;<\/p>\n<p><strong>Dimensiones<\/strong><\/p>\n<p>cm Diam 50 x 90<\/p>\n<p>inches Diam 19.68 x 35.43<\/p>\n","protected":false},"featured_media":13955,"template":"","meta":{"_editorskit_title_hidden":false,"_editorskit_reading_time":0,"_editorskit_is_block_options_detached":false,"_editorskit_block_options_position":"{}","inline_featured_image":false},"product_brand":[],"product_cat":[328,265],"product_tag":[],"class_list":{"0":"post-32239","1":"product","2":"type-product","3":"status-publish","4":"has-post-thumbnail","6":"product_cat-lamparas-de-techo","7":"product_cat-iluminacion","9":"first","10":"instock","11":"shipping-taxable","12":"purchasable","13":"product-type-simple"},"_links":{"self":[{"href":"https:\/\/www.finsdesiecles-artdeco.com\/es\/wp-json\/wp\/v2\/product\/32239","targetHints":{"allow":["GET"]}}],"collection":[{"href":"https:\/\/www.finsdesiecles-artdeco.com\/es\/wp-json\/wp\/v2\/product"}],"about":[{"href":"https:\/\/www.finsdesiecles-artdeco.com\/es\/wp-json\/wp\/v2\/types\/product"}],"wp:featuredmedia":[{"embeddable":true,"href":"https:\/\/www.finsdesiecles-artdeco.com\/es\/wp-json\/wp\/v2\/media\/13955"}],"wp:attachment":[{"href":"https:\/\/www.finsdesiecles-artdeco.com\/es\/wp-json\/wp\/v2\/media?parent=32239"}],"wp:term":[{"taxonomy":"product_brand","embeddable":true,"href":"https:\/\/www.finsdesiecles-artdeco.com\/es\/wp-json\/wp\/v2\/product_brand?post=32239"},{"taxonomy":"product_cat","embeddable":true,"href":"https:\/\/www.finsdesiecles-artdeco.com\/es\/wp-json\/wp\/v2\/product_cat?post=32239"},{"taxonomy":"product_tag","embeddable":true,"href":"https:\/\/www.finsdesiecles-artdeco.com\/es\/wp-json\/wp\/v2\/product_tag?post=32239"}],"curies":[{"name":"wp","href":"https:\/\/api.w.org\/{rel}","templated":true}]}}